{"id":2406,"date":"2021-05-10T19:23:31","date_gmt":"2021-05-10T17:23:31","guid":{"rendered":"https:\/\/www.xeniapalace.gr\/domov\/"},"modified":"2021-08-22T11:10:51","modified_gmt":"2021-08-22T09:10:51","slug":"domov","status":"publish","type":"page","link":"https:\/\/www.xeniapalace.gr\/cs\/","title":{"rendered":"Domov"},"content":{"rendered":"<p>[vc_row shadow_x_offset=&#8220;0&#8243; shadow_y_offset=&#8220;0&#8243; shadow_blur=&#8220;0&#8243; shadow_spread=&#8220;0&#8243; shadow_color=&#8220;&#8220; css=&#8220;.vc_custom_1541590609387{margin-top: -20px !important;}&#8220; el_class=&#8220;overlap&#8220;][vc_column shadow_x_offset=&#8220;0&#8243; shadow_y_offset=&#8220;0&#8243; shadow_blur=&#8220;0&#8243; shadow_spread=&#8220;0&#8243; shadow_color=&#8220;&#8220; css=&#8220;.vc_custom_1541393368910{margin-top: -40px !important;}&#8220;][rev_slider_vc alias=&#8220;motel_slider1&#8243;][vc_row_inner el_class=&#8220;overlap&#8220;][vc_column_inner shadow_x_offset=&#8220;0&#8243; shadow_y_offset=&#8220;0&#8243; shadow_blur=&#8220;0&#8243; shadow_spread=&#8220;0&#8243; shadow_color=&#8220;&#8220; css=&#8220;.vc_custom_1541735920252{margin-top: -150px !important;}&#8220;][stm_spacer height_tablet=&#8220;150&#8243; height_mobile=&#8220;150&#8243;][stm_wp_hotelier_form title=&#8220;&#8220; style=&#8220;style_4&#8243;][\/vc_column_inner][\/vc_row_inner][\/vc_column][\/vc_row][vc_row full_width=&#8220;stretch_row&#8220; shadow_x_offset=&#8220;0&#8243; shadow_y_offset=&#8220;0&#8243; shadow_blur=&#8220;0&#8243; shadow_spread=&#8220;0&#8243; shadow_color=&#8220;&#8220; css=&#8220;.vc_custom_1542090342622{padding-top: 80px !important;padding-bottom: 80px !important;background-color: #f5f5f5 !important;}&#8220;][vc_column css_animation=&#8220;none&#8220; shadow_x_offset=&#8220;0&#8243; shadow_y_offset=&#8220;0&#8243; shadow_blur=&#8220;0&#8243; shadow_spread=&#8220;0&#8243; offset=&#8220;vc_col-lg-4 vc_col-md-4&#8243;][stm_icon_box icon=&#8220;stmicon-hotel-internet&#8220; icon_class=&#8220;ttc&#8220; icon_size=&#8220;60&#8243; icon_height=&#8220;80&#8243; icon_width=&#8220;85&#8243; min_height=&#8220;220&#8243; flip=&#8220;&#8220; flip_title_color=&#8220;&#8220; flip_content_color=&#8220;&#8220; title=&#8220;Wifi zdarma&#8220; title_fsz=&#8220;24&#8243; flip_title=&#8220;&#8220; flip_content=&#8220;&#8220; css=&#8220;.vc_custom_1609274526430{padding-right: 20px !important;}&#8220;]Jsme p\u0159esv\u011bd\u010deni, \u017ee kdy\u017e hotel inzeruje bezplatn\u00e9 Wi-Fi, m\u011bl by poskytnout cestuj\u00edc\u00edm rychl\u00e9 a spolehliv\u00e9 p\u0159ipojen\u00ed.<\/p>\n<p>[\/stm_icon_box][stm_spacer height=&#8220;0&#8243; height_tablet=&#8220;20&#8243; height_mobile=&#8220;35&#8243;][\/vc_column][vc_column css_animation=&#8220;none&#8220; shadow_x_offset=&#8220;0&#8243; shadow_y_offset=&#8220;0&#8243; shadow_blur=&#8220;0&#8243; shadow_spread=&#8220;0&#8243; offset=&#8220;vc_col-lg-4 vc_col-md-4&#8243;][stm_icon_box icon=&#8220;stmicon-hotel-parking&#8220; icon_class=&#8220;ttc&#8220; icon_height=&#8220;80&#8243; icon_width=&#8220;85&#8243; min_height=&#8220;220&#8243; flip=&#8220;&#8220; flip_title_color=&#8220;&#8220; flip_content_color=&#8220;&#8220; title=&#8220;Parkov\u00e1n\u00ed zdarma&#8220; title_fsz=&#8220;24&#8243; flip_title=&#8220;&#8220; flip_content=&#8220;&#8220; css=&#8220;.vc_custom_1607597231168{padding-right: 20px !important;}&#8220;]<span class=\"\">Parkov\u00e1n\u00ed zdarma, rezervace nen\u00ed nutn\u00e1..<\/span>[\/stm_icon_box][stm_spacer height=&#8220;0&#8243; height_tablet=&#8220;20&#8243; height_mobile=&#8220;35&#8243;][\/vc_column][vc_column css_animation=&#8220;none&#8220; shadow_x_offset=&#8220;0&#8243; shadow_y_offset=&#8220;0&#8243; shadow_blur=&#8220;0&#8243; shadow_spread=&#8220;0&#8243; shadow_color=&#8220;&#8220; offset=&#8220;vc_col-lg-4 vc_col-md-4&#8243;][stm_icon_box icon=&#8220;stmicon-bed2&#8243; icon_class=&#8220;ttc&#8220; icon_size=&#8220;55&#8243; icon_height=&#8220;80&#8243; icon_width=&#8220;85&#8243; min_height=&#8220;220&#8243; flip=&#8220;&#8220; flip_title_color=&#8220;&#8220; flip_content_color=&#8220;&#8220; title=&#8220;Slu\u017eby&#8220; title_fsz=&#8220;24&#8243; flip_title=&#8220;&#8220; flip_content=&#8220;&#8220; css=&#8220;.vc_custom_1607597821889{padding-right: 20px !important;}&#8220;]Balkon s j\u00eddeln\u00edm koutem, V\u00fdrobky pro p\u00e9\u010di o koupelnu, Sprcha \/ vana, Soukrom\u00e1 koupelna, Ru\u010dn\u00edky, Lo\u017en\u00ed pr\u00e1dlo, Toaletn\u00ed pap\u00edr, Topen\u00ed[\/stm_icon_box][\/vc_column][\/vc_row][vc_row][vc_column][stm_spacer height=&#8220;0&#8243; height_laptop=&#8220;80&#8243; height_tablet=&#8220;40&#8243; height_mobile=&#8220;10&#8243;][vc_row_inner][vc_column_inner shadow_x_offset=&#8220;0&#8243; shadow_y_offset=&#8220;0&#8243; shadow_blur=&#8220;0&#8243; shadow_spread=&#8220;0&#8243; shadow_color=&#8220;&#8220; offset=&#8220;vc_col-lg-offset-1 vc_col-lg-10 vc_col-md-offset-1 vc_col-md-10 vc_col-xs-12&#8243;][vc_custom_heading text=&#8220;Pokoje&#8220; font_container=&#8220;tag:h6|font_size:140|text_align:center|color:%23e8d0b8&#8243; google_fonts=&#8220;font_family:Herr%20Von%20Muellerhoff%3Aregular|font_style:400%20regular%3A400%3Anormal&#8220;][vc_custom_heading text=&#8220;Pokoje&#8220; font_container=&#8220;tag:h3|font_size:48|text_align:center&#8220; google_fonts=&#8220;font_family:Roboto%3A100%2C100italic%2C300%2C300italic%2Cregular%2Citalic%2C500%2C500italic%2C700%2C700italic%2C900%2C900italic|font_style:700%20bold%20regular%3A700%3Anormal&#8220; link=&#8220;url:https%3A%2F%2Fwww.xeniapalace.gr%2Fcs%2Fpokoje%2F|title:Pokoje|&#8220;][stm_wp_hotelier_selective_rooms_carousel per_row=&#8220;3&#8243;][\/vc_column_inner][\/vc_row_inner][stm_spacer height=&#8220;20&#8243; height_laptop=&#8220;20&#8243; height_tablet=&#8220;10&#8243; height_mobile=&#8220;10&#8243;][\/vc_column][\/vc_row][vc_row full_width=&#8220;stretch_row&#8220; stm_parallax=&#8220;enable&#8220; shadow_x_offset=&#8220;0&#8243; shadow_y_offset=&#8220;0&#8243; shadow_blur=&#8220;0&#8243; shadow_spread=&#8220;0&#8243; shadow_color=&#8220;&#8220; css=&#8220;.vc_custom_1608034325736{margin-top: 40px !important;background-image: url(https:\/\/www.xeniapalace.gr\/wp-content\/uploads\/2020\/12\/paralia-kentriki2.jpg?id=1207) !important;}&#8220; stm_transparent_bg=&#8220;rgba(17,17,17,0.5)&#8220;][vc_column shadow_x_offset=&#8220;0&#8243; shadow_y_offset=&#8220;0&#8243; shadow_blur=&#8220;0&#8243; shadow_spread=&#8220;0&#8243; shadow_color=&#8220;&#8220; css=&#8220;.vc_custom_1541501496852{padding-top: 10px !important;padding-bottom: 10px !important;}&#8220;][stm_spacer height=&#8220;180&#8243; height_tablet=&#8220;120&#8243; height_mobile=&#8220;70&#8243;][vc_custom_heading text=&#8220;Rezervace ihned!&#8220; font_container=&#8220;tag:h4|font_size:72|text_align:center|color:%23ffffff|line_height:80px&#8220; use_theme_fonts=&#8220;yes&#8220; link=&#8220;url:https%3A%2F%2Fwww.xeniapalace.gr%2Fcs%2Fpokoje%2F|&#8220;][stm_button button_pos=&#8220;center&#8220; button_border_color_hover=&#8220;#b55b02&#8243; link=&#8220;url:https%3A%2F%2Fwww.xeniapalace.gr%2Fcs%2Fpokoje%2F|title:Rezervace&#8220;][stm_spacer height=&#8220;160&#8243; height_tablet=&#8220;130&#8243; height_mobile=&#8220;70&#8243;][\/vc_column][\/vc_row][vc_row][vc_column width=&#8220;1\/3&#8243;][stm_spacer height=&#8220;200&#8243;][vc_custom_heading text=&#8220;V\u00edtejte&#8220; font_container=&#8220;tag:h6|font_size:140|text_align:left|color:%23e8d0b8&#8243; google_fonts=&#8220;font_family:Herr%20Von%20Muellerhoff%3Aregular|font_style:400%20regular%3A400%3Anormal&#8220;][vc_custom_heading text=&#8220;U\u017eijte si pobyt v Xenia Palace&#8220; font_container=&#8220;tag:h3|font_size:38|text_align:left&#8220; google_fonts=&#8220;font_family:Roboto%3A100%2C100italic%2C300%2C300italic%2Cregular%2Citalic%2C500%2C500italic%2C700%2C700italic%2C900%2C900italic|font_style:700%20bold%20regular%3A700%3Anormal&#8220;][\/vc_column][vc_column width=&#8220;1\/3&#8243;][stm_spacer height=&#8220;50&#8243;][vc_column_text]V\u00edtejte v <strong>Xenia palace<\/strong>, v n\u00e1dhern\u00e9m prost\u0159ed\u00ed v Nea Vrasna, kde si m\u016f\u017eete u\u017e\u00edt letn\u00ed dovolenou.<\/p>\n<p>Pouh\u00fdch 100 metr\u016f od mo\u0159e, 100 metr\u016f od centra m\u011bsta Nea Vrasna a 2 minuty od k\u0159i\u017eovatky Vrasna &#8211; Egnatia Odos v\u00e1m Xenia Palace poskytuje \u0159adu slu\u017eeb, kter\u00e9 uspokoj\u00ed i ty nejn\u00e1ro\u010dn\u011bj\u0161\u00ed n\u00e1v\u0161t\u011bvn\u00edky.<\/p>\n<p>Nach\u00e1z\u00ed se kousek od ulice s pl\u00e1\u017ei kde jsou taverny, kav\u00e1rny, bary a bohat\u00fd trh, kter\u00fd sah\u00e1 od Nea Vrasna do Asprovalty.[\/vc_column_text][\/vc_column][vc_column width=&#8220;1\/3&#8243;][stm_spacer height=&#8220;50&#8243;][vc_column_text]100 metr\u016f od <strong>Xenia Palace<\/strong> je d\u011btsk\u00e9 h\u0159i\u0161t\u011b, p\u011b\u0161\u00ed parky, ale tak\u00e9 z\u00e1bavn\u00ed park, kter\u00fd pobav\u00ed na\u0161e mal\u00e9 n\u00e1v\u0161t\u011bvn\u00edky.<\/p>\n<p>&#8211; Pln\u011b organizovan\u00e1 pl\u00e1\u017e s plav\u010d\u00edky, vodn\u00edmi sporty, p\u00edskem a leh\u00e1tky zdarma, v\u00e1s bude hostit 24 hodin denn\u011b s r\u016fzn\u00fdmi zobrazen\u00edmi slunce, m\u011bs\u00edce a samoz\u0159ejm\u011b modrozelen\u00e9ho mo\u0159e.<\/p>\n<p>Relax, ktery chcete z dovolen\u00e9 z\u00edskat, je z\u00e1le\u017eitost\u00ed lid\u00ed odpov\u011bdn\u00fdch za <strong>Xenia Palace !!!<\/strong>[\/vc_column_text][\/vc_column][\/vc_row][vc_row shadow_x_offset=&#8220;0&#8243; shadow_y_offset=&#8220;0&#8243; shadow_blur=&#8220;0&#8243; shadow_spread=&#8220;0&#8243; shadow_color=&#8220;&#8220; css=&#8220;.vc_custom_1541996546532{margin-top: 40px !important;}&#8220;][vc_column shadow_x_offset=&#8220;0&#8243; shadow_y_offset=&#8220;0&#8243; shadow_blur=&#8220;0&#8243; shadow_spread=&#8220;0&#8243; shadow_color=&#8220;&#8220; css=&#8220;.vc_custom_1541501496852{padding-top: 10px !important;padding-bottom: 10px !important;}&#8220;][stm_cta button_color=&#8220;secondary&#8220; button_icon_pos=&#8220;&#8220; link=&#8220;url:https%3A%2F%2Fwww.xeniapalace.gr%2Fcs%2Fpokoje%2F|title:ZKONTROLUJTE%20DOSTUPNOST&#8220; css=&#8220;.vc_custom_1629623356289{border-top-width: 1px !important;border-right-width: 1px !important;border-bottom-width: 1px !important;border-left-width: 1px !important;border-left-color: #cccccc !important;border-left-style: solid !important;border-right-color: #cccccc !important;border-right-style: solid !important;border-top-color: #cccccc !important;border-top-style: solid !important;border-bottom-color: #cccccc !important;border-bottom-style: solid !important;border-radius: 5px !important;}&#8220; phone=&#8220;(+30) 6977708807&#8243; email=&#8220;Info@xeniapalace.gr&#8220;]<strong>Instantni<\/strong> <strong>rezervace<\/strong><strong>:<\/strong>[\/stm_cta][\/vc_column][\/vc_row]<\/p>\n","protected":false},"excerpt":{"rendered":"<p>[vc_row shadow_x_offset=&#8220;0&#8243; shadow_y_offset=&#8220;0&#8243; shadow_blur=&#8220;0&#8243; shadow_spread=&#8220;0&#8243; shadow_color=&#8220;&#8220; css=&#8220;.vc_custom_1541590609387{margin-top: -20px !important;}&#8220; el_class=&#8220;overlap&#8220;][vc_column shadow_x_offset=&#8220;0&#8243; shadow_y_offset=&#8220;0&#8243; shadow_blur=&#8220;0&#8243; shadow_spread=&#8220;0&#8243; shadow_color=&#8220;&#8220; css=&#8220;.vc_custom_1541393368910{margin-top: -40px !important;}&#8220;][rev_slider_vc alias=&#8220;motel_slider1&#8243;][vc_row_inner el_class=&#8220;overlap&#8220;][vc_column_inner shadow_x_offset=&#8220;0&#8243; shadow_y_offset=&#8220;0&#8243; shadow_blur=&#8220;0&#8243; shadow_spread=&#8220;0&#8243; shadow_color=&#8220;&#8220; css=&#8220;.vc_custom_1541735920252{margin-top: -150px !important;}&#8220;][stm_spacer height_tablet=&#8220;150&#8243; height_mobile=&#8220;150&#8243;][stm_wp_hotelier_form title=&#8220;&#8220; style=&#8220;style_4&#8243;][\/vc_column_inner][\/vc_row_inner][\/vc_column][\/vc_row][vc_row full_width=&#8220;stretch_row&#8220; shadow_x_offset=&#8220;0&#8243; shadow_y_offset=&#8220;0&#8243; shadow_blur=&#8220;0&#8243; shadow_spread=&#8220;0&#8243; shadow_color=&#8220;&#8220; css=&#8220;.vc_custom_1542090342622{padding-top: 80px !important;padding-bottom: 80px !important;background-color: #f5f5f5 !important;}&#8220;][vc_column css_animation=&#8220;none&#8220; shadow_x_offset=&#8220;0&#8243; shadow_y_offset=&#8220;0&#8243; shadow_blur=&#8220;0&#8243; shadow_spread=&#8220;0&#8243; offset=&#8220;vc_col-lg-4 vc_col-md-4&#8243;][stm_icon_box icon=&#8220;stmicon-hotel-internet&#8220; icon_class=&#8220;ttc&#8220; icon_size=&#8220;60&#8243; [&hellip;]<\/p>\n","protected":false},"author":1,"featured_media":0,"parent":0,"menu_order":1,"comment_status":"closed","ping_status":"closed","template":"","meta":{"ngg_post_thumbnail":0,"footnotes":""},"class_list":["post-2406","page","type-page","status-publish","hentry"],"_links":{"self":[{"href":"https:\/\/www.xeniapalace.gr\/cs\/wp-json\/wp\/v2\/pages\/2406","targetHints":{"allow":["GET"]}}],"collection":[{"href":"https:\/\/www.xeniapalace.gr\/cs\/wp-json\/wp\/v2\/pages"}],"about":[{"href":"https:\/\/www.xeniapalace.gr\/cs\/wp-json\/wp\/v2\/types\/page"}],"author":[{"embeddable":true,"href":"https:\/\/www.xeniapalace.gr\/cs\/wp-json\/wp\/v2\/users\/1"}],"replies":[{"embeddable":true,"href":"https:\/\/www.xeniapalace.gr\/cs\/wp-json\/wp\/v2\/comments?post=2406"}],"version-history":[{"count":6,"href":"https:\/\/www.xeniapalace.gr\/cs\/wp-json\/wp\/v2\/pages\/2406\/revisions"}],"predecessor-version":[{"id":2415,"href":"https:\/\/www.xeniapalace.gr\/cs\/wp-json\/wp\/v2\/pages\/2406\/revisions\/2415"}],"wp:attachment":[{"href":"https:\/\/www.xeniapalace.gr\/cs\/wp-json\/wp\/v2\/media?parent=2406"}],"curies":[{"name":"wp","href":"https:\/\/api.w.org\/{rel}","templated":true}]}}