{"id":2420,"date":"2021-05-10T20:41:57","date_gmt":"2021-05-10T18:41:57","guid":{"rendered":"https:\/\/www.xeniapalace.gr\/pokoje\/"},"modified":"2021-05-11T20:31:10","modified_gmt":"2021-05-11T18:31:10","slug":"pokoje","status":"publish","type":"page","link":"https:\/\/www.xeniapalace.gr\/cs\/pokoje\/","title":{"rendered":"Pokoje"},"content":{"rendered":"<p>[vc_row][vc_column width=&#8220;1\/4&#8243; shadow_x_offset=&#8220;0&#8243; shadow_y_offset=&#8220;0&#8243; shadow_blur=&#8220;0&#8243; shadow_spread=&#8220;0&#8243; offset=&#8220;vc_col-lg-4 vc_col-md-4&#8243;][vc_column_text]<\/p>\n<div class=\"elementor-element elementor-element-379c2f elementor-widget elementor-widget-heading\" data-id=\"379c2f\" data-element_type=\"widget\" data-widget_type=\"heading.default\">\n<div class=\"elementor-widget-container\">\n<p><strong><span style=\"font-size: 14pt;\">Informace &#8211; pokyny<\/span><\/strong><\/p>\n<p>Ceny z\u00e1vis\u00ed na typu pokoje a datum rezervace. Nejprve vyberte datum rezervace a pot\u00e9 jeden z na\u0161ich pokoj\u016f, prohl\u00e9dn\u011bte si cenu a pokra\u010dujte v rezervaci. Podrobn\u00e9 ceny pokoj\u016f si m\u016f\u017eete tak\u00e9 prohl\u00e9dnout <strong><a href=\"https:\/\/www.xeniapalace.gr\/cs\/?page_id=1168\" target=\"_blank\" rel=\"noopener\">ZDE<\/a><\/strong>.<\/p>\n<p>Cena zahrnuje 13% DPH, 0,5% obecn\u00ed da\u0148 a 0,50 \u20ac st\u00e1tn\u00ed da\u0148 za noc.<\/p>\n<\/div>\n<\/div>\n<p>[\/vc_column_text][stm_contact name=&#8220;Instantni rezervace&#8220; image=&#8220;1108&#8243; image_size=&#8220;250\u03c7250&#8243; job=&#8220;Xenia Palace&#8220; phone=&#8220;(+30) 6977708807&#8243; email=&#8220;Info@xeniapalace.gr&#8220; skype=&#8220;Nea Vrasna Thessaloniki (Solu\u0148) \u03a4.\u039a. 57021&#8243;][\/vc_column][vc_column width=&#8220;3\/4&#8243; shadow_x_offset=&#8220;0&#8243; shadow_y_offset=&#8220;0&#8243; shadow_blur=&#8220;0&#8243; shadow_spread=&#8220;0&#8243; shadow_color=&#8220;&#8220; el_class=&#8220;sm_pr_15 sm_pl_15&#8243; css=&#8220;.vc_custom_1542084924468{padding-right: 30px !important;}&#8220; offset=&#8220;vc_col-lg-8 vc_col-md-8&#8243;][vc_column_text]<strong><span style=\"font-family: verdana, geneva, sans-serif; font-size: 14pt;\">Chcete-li pokra\u010dovat v rezervaci, nejprve vyberte datum rezervace a pot\u00e9 jeden z na\u0161ich pokoj\u016f.<\/span><\/strong>[\/vc_column_text][vc_column_text]<div class=\"hotelier\">\n    \n<form name=\"hotelier_datepicker\" method=\"post\" id=\"hotelier-datepicker\" class=\"datepicker-form\"\n      action=\"https:\/\/www.xeniapalace.gr\/rooms-list\/\" enctype=\"multipart\/form-data\">\n\n    <span class=\"datepicker-input-select-wrapper\"><input class=\"datepicker-input-select\" type=\"text\"\n                                                         id=\"hotelier-datepicker-select\" value=\"\"><\/span>\n    <input type=\"text\" id=\"hotelier-datepicker-checkin\" class=\"datepicker-input datepicker-input--checkin\"\n           name=\"checkin\" value=\"2026-04-24\">\n    <input type=\"text\" id=\"hotelier-datepicker-checkout\" class=\"datepicker-input datepicker-input--checkout\"\n           name=\"checkout\" value=\"2026-04-25\">\n\n    \n\n    <p class=\"selected-nights\">1-night stay<\/p>\n\n\n    <button type=\"submit\" class=\"btn btn_solid btn_primary btn_icon-right button button--datepicker\" name=\"hotelier_datepicker_button\" id=\"datepicker-button\" ><i class=\"btn__icon stmicon-keyboard_arrow_right\"><\/i>Cenov\u00e1 kontrola<\/button><\/form>\n\n\n    <form name=\"room_list\" method=\"post\" id=\"form--listing\" class=\"form--listing listing\" enctype=\"multipart\/form-data\">\n\n        \n        \n        <div class=\"stm_wp_hotelier_rooms_list_style_1\">\n\t<div class=\"stm-rooms-list\">\n        \n        \n            \n                            <div class=\"room\">\n                <div class=\"inner\">\n                    <div class=\"room__image\">\n                        <a href=\"https:\/\/www.xeniapalace.gr\/cs\/rooms\/rodinny-pokoj-standard\/\">\n\t\t\t\t\t\t\t<img decoding=\"async\" data-srcset=\"https:\/\/www.xeniapalace.gr\/wp-content\/uploads\/2018\/08\/famili-740x420.jpg 2x\" data-src=\"https:\/\/www.xeniapalace.gr\/wp-content\/uploads\/2018\/08\/famili-370x210.jpg\" width=\"370\" height=\"210\" alt=\"famili\" title=\"famili\" src=\"data:image\/svg+xml;base64,PHN2ZyB3aWR0aD0iMSIgaGVpZ2h0PSIxIiB4bWxucz0iaHR0cDovL3d3dy53My5vcmcvMjAwMC9zdmciPjwvc3ZnPg==\" class=\"lazyload\" style=\"--smush-placeholder-width: 370px; --smush-placeholder-aspect-ratio: 370\/210;\" \/>                            <div class=\"room__price mbc heading_font\">\n                                <span>0.00&euro;<\/span>                            <\/div>\n                        <\/a>\n                    <\/div>\n\n                    <div class=\"room__content\">\n                        <div class=\"room__title\">\n                            <h3>\n                                <a class=\"ttc no_deco mtc_h\" href=\"https:\/\/www.xeniapalace.gr\/cs\/rooms\/rodinny-pokoj-standard\/\">\n\t\t\t\t\t\t\t\t\tRodinn\u00fd pokoj Standard                                <\/a>\n                            <\/h3>\n                        <\/div>\n                        <div class=\"room__excerpt\">\n\t\t\t\t\t\t\tPokoj s balkonem                        <\/div>\n\n\t\t\t\t\t\t\n\n<div class=\"room_info\">\n\t\t\t\t\t\t<div class=\"room_info__single\">\n\t\t\t\t<i class=\"mtc stmicon-guest\"><\/i>\n\t\t\t\t<span class=\"ttc heading_font_family\">5<\/span>\n\t\t\t<\/div>\n\t\t\t\t\t\t\t\t\t\t\t<div class=\"room_info__single\">\n\t\t\t\t<i class=\"mtc stmicon-bed2\"><\/i>\n\t\t\t\t<span class=\"ttc heading_font_family\">1 dvoul\u016f\u017ekov\u00fdch + 3 samostatn\u00e9 postele<\/span>\n\t\t\t<\/div>\n\t\t\t\t\t\t\t\t<div class=\"room_info__single\">\n\t\t\t\t<i class=\"mtc stmicon-ruler\"><\/i>\n\t\t\t\t<span class=\"ttc heading_font_family\">45<\/span>\n\t\t\t<\/div>\n\t\t\t<\/div>\n\n                    <\/div>\n                <\/div>\n            <\/div>\n\t\t\t\n            \n                            <div class=\"room\">\n                <div class=\"inner\">\n                    <div class=\"room__image\">\n                        <a href=\"https:\/\/www.xeniapalace.gr\/cs\/rooms\/standardni-apartman\/\">\n\t\t\t\t\t\t\t<img decoding=\"async\" data-srcset=\"https:\/\/www.xeniapalace.gr\/wp-content\/uploads\/2018\/08\/xenia-740x420.jpg 2x\" data-src=\"https:\/\/www.xeniapalace.gr\/wp-content\/uploads\/2018\/08\/xenia-370x210.jpg\" width=\"370\" height=\"210\" alt=\"xenia\" title=\"xenia\" src=\"data:image\/svg+xml;base64,PHN2ZyB3aWR0aD0iMSIgaGVpZ2h0PSIxIiB4bWxucz0iaHR0cDovL3d3dy53My5vcmcvMjAwMC9zdmciPjwvc3ZnPg==\" class=\"lazyload\" style=\"--smush-placeholder-width: 370px; --smush-placeholder-aspect-ratio: 370\/210;\" \/>                            <div class=\"room__price mbc heading_font\">\n                                <span>0.00&euro;<\/span>                            <\/div>\n                        <\/a>\n                    <\/div>\n\n                    <div class=\"room__content\">\n                        <div class=\"room__title\">\n                            <h3>\n                                <a class=\"ttc no_deco mtc_h\" href=\"https:\/\/www.xeniapalace.gr\/cs\/rooms\/standardni-apartman\/\">\n\t\t\t\t\t\t\t\t\tStandardn\u00ed apartm\u00e1n                                <\/a>\n                            <\/h3>\n                        <\/div>\n                        <div class=\"room__excerpt\">\n\t\t\t\t\t\t\tPokoj s balkonem                        <\/div>\n\n\t\t\t\t\t\t\n\n<div class=\"room_info\">\n\t\t\t\t\t\t<div class=\"room_info__single\">\n\t\t\t\t<i class=\"mtc stmicon-guest\"><\/i>\n\t\t\t\t<span class=\"ttc heading_font_family\">2<\/span>\n\t\t\t<\/div>\n\t\t\t\t\t\t\t\t<div class=\"room_info__single\">\n\t\t\t\t<i class=\"mtc stmicon-nipple\"><\/i>\n\t\t\t\t<span class=\"ttc heading_font_family\">1<\/span>\n\t\t\t<\/div>\n\t\t\t\t\t\t\t\t<div class=\"room_info__single\">\n\t\t\t\t<i class=\"mtc stmicon-bed2\"><\/i>\n\t\t\t\t<span class=\"ttc heading_font_family\">1 jednol\u016f\u017eko a 1 man\u017eelsk\u00e1 postel<\/span>\n\t\t\t<\/div>\n\t\t\t\t\t\t\t\t<div class=\"room_info__single\">\n\t\t\t\t<i class=\"mtc stmicon-ruler\"><\/i>\n\t\t\t\t<span class=\"ttc heading_font_family\">35<\/span>\n\t\t\t<\/div>\n\t\t\t<\/div>\n\n                    <\/div>\n                <\/div>\n            <\/div>\n\t\t\t\n            \n                            <div class=\"room\">\n                <div class=\"inner\">\n                    <div class=\"room__image\">\n                        <a href=\"https:\/\/www.xeniapalace.gr\/cs\/rooms\/stountio-diamerisma\/\">\n\t\t\t\t\t\t\t<img decoding=\"async\" data-srcset=\"https:\/\/www.xeniapalace.gr\/wp-content\/uploads\/2018\/08\/diklino-740x420.jpg 2x\" data-src=\"https:\/\/www.xeniapalace.gr\/wp-content\/uploads\/2018\/08\/diklino-370x210.jpg\" width=\"370\" height=\"210\" alt=\"diklino\" title=\"diklino\" src=\"data:image\/svg+xml;base64,PHN2ZyB3aWR0aD0iMSIgaGVpZ2h0PSIxIiB4bWxucz0iaHR0cDovL3d3dy53My5vcmcvMjAwMC9zdmciPjwvc3ZnPg==\" class=\"lazyload\" style=\"--smush-placeholder-width: 370px; --smush-placeholder-aspect-ratio: 370\/210;\" \/>                            <div class=\"room__price mbc heading_font\">\n                                <span>0.00&euro;<\/span>                            <\/div>\n                        <\/a>\n                    <\/div>\n\n                    <div class=\"room__content\">\n                        <div class=\"room__title\">\n                            <h3>\n                                <a class=\"ttc no_deco mtc_h\" href=\"https:\/\/www.xeniapalace.gr\/cs\/rooms\/stountio-diamerisma\/\">\n\t\t\t\t\t\t\t\t\tStudiov\u00fd apartm\u00e1n                                <\/a>\n                            <\/h3>\n                        <\/div>\n                        <div class=\"room__excerpt\">\n\t\t\t\t\t\t\tPokoj s balkonem                        <\/div>\n\n\t\t\t\t\t\t\n\n<div class=\"room_info\">\n\t\t\t\t\t\t<div class=\"room_info__single\">\n\t\t\t\t<i class=\"mtc stmicon-guest\"><\/i>\n\t\t\t\t<span class=\"ttc heading_font_family\">2<\/span>\n\t\t\t<\/div>\n\t\t\t\t\t\t\t\t\t\t\t<div class=\"room_info__single\">\n\t\t\t\t<i class=\"mtc stmicon-bed2\"><\/i>\n\t\t\t\t<span class=\"ttc heading_font_family\">2 jednol\u016f\u017ekov\u00e9 postele<\/span>\n\t\t\t<\/div>\n\t\t\t\t\t\t\t\t<div class=\"room_info__single\">\n\t\t\t\t<i class=\"mtc stmicon-ruler\"><\/i>\n\t\t\t\t<span class=\"ttc heading_font_family\">25<\/span>\n\t\t\t<\/div>\n\t\t\t<\/div>\n\n                    <\/div>\n                <\/div>\n            <\/div>\n\t\t\t\n            \n        \n            <\/div>\n<\/div>\n        \n        \n<div id=\"reserve-rooms-button\">\n\n<!--    --><!---->\n<!--    --><!---->\n<!--    --><!---->\n<!--    -->\n<\/div>\n\n        \n    <\/form>\n\n\n<\/div>[\/vc_column_text][\/vc_column][\/vc_row][vc_row][vc_column][\/vc_column][\/vc_row]<\/p>\n","protected":false},"excerpt":{"rendered":"<p>[vc_row][vc_column width=&#8220;1\/4&#8243; shadow_x_offset=&#8220;0&#8243; shadow_y_offset=&#8220;0&#8243; shadow_blur=&#8220;0&#8243; shadow_spread=&#8220;0&#8243; offset=&#8220;vc_col-lg-4 vc_col-md-4&#8243;][vc_column_text] Informace &#8211; pokyny Ceny z\u00e1vis\u00ed na typu pokoje a datum rezervace. Nejprve vyberte datum rezervace a pot\u00e9 jeden z na\u0161ich pokoj\u016f, prohl\u00e9dn\u011bte si cenu a pokra\u010dujte v rezervaci. Podrobn\u00e9 ceny pokoj\u016f si m\u016f\u017eete tak\u00e9 prohl\u00e9dnout ZDE. Cena zahrnuje 13% DPH, 0,5% obecn\u00ed da\u0148 a 0,50 \u20ac st\u00e1tn\u00ed [&hellip;]<\/p>\n","protected":false},"author":1,"featured_media":0,"parent":0,"menu_order":2,"comment_status":"closed","ping_status":"closed","template":"","meta":{"ngg_post_thumbnail":0,"footnotes":""},"class_list":["post-2420","page","type-page","status-publish","hentry"],"_links":{"self":[{"href":"https:\/\/www.xeniapalace.gr\/cs\/wp-json\/wp\/v2\/pages\/2420","targetHints":{"allow":["GET"]}}],"collection":[{"href":"https:\/\/www.xeniapalace.gr\/cs\/wp-json\/wp\/v2\/pages"}],"about":[{"href":"https:\/\/www.xeniapalace.gr\/cs\/wp-json\/wp\/v2\/types\/page"}],"author":[{"embeddable":true,"href":"https:\/\/www.xeniapalace.gr\/cs\/wp-json\/wp\/v2\/users\/1"}],"replies":[{"embeddable":true,"href":"https:\/\/www.xeniapalace.gr\/cs\/wp-json\/wp\/v2\/comments?post=2420"}],"version-history":[{"count":9,"href":"https:\/\/www.xeniapalace.gr\/cs\/wp-json\/wp\/v2\/pages\/2420\/revisions"}],"predecessor-version":[{"id":2655,"href":"https:\/\/www.xeniapalace.gr\/cs\/wp-json\/wp\/v2\/pages\/2420\/revisions\/2655"}],"wp:attachment":[{"href":"https:\/\/www.xeniapalace.gr\/cs\/wp-json\/wp\/v2\/media?parent=2420"}],"curies":[{"name":"wp","href":"https:\/\/api.w.org\/{rel}","templated":true}]}}