{"id":2427,"date":"2021-05-10T20:51:58","date_gmt":"2021-05-10T18:51:58","guid":{"rendered":"https:\/\/www.xeniapalace.gr\/kontakt\/"},"modified":"2021-08-22T11:27:17","modified_gmt":"2021-08-22T09:27:17","slug":"kontakt","status":"publish","type":"page","link":"https:\/\/www.xeniapalace.gr\/cs\/kontakt\/","title":{"rendered":"Kontakt"},"content":{"rendered":"<p>[vc_section css=&#8220;.vc_custom_1537953987339{padding-top: 0px !important;}&#8220;][vc_row shadow_x_offset=&#8220;0&#8243; shadow_y_offset=&#8220;0&#8243; shadow_blur=&#8220;0&#8243; shadow_spread=&#8220;0&#8243; shadow_color=&#8220;&#8220; css=&#8220;.vc_custom_1531906799465{padding-top: 20px !important;}&#8220;][vc_column width=&#8220;1\/2&#8243; shadow_x_offset=&#8220;0&#8243; shadow_y_offset=&#8220;0&#8243; shadow_blur=&#8220;0&#8243; shadow_spread=&#8220;0&#8243; offset=&#8220;vc_col-lg-8 vc_col-md-8 vc_col-xs-12&#8243;][vc_custom_heading text=&#8220;\u0398\u03b1 \u03c7\u03b1\u03c1\u03bf\u03cd\u03bc\u03b5 \u03bd\u03b1 \u03bb\u03ac\u03b2\u03bf\u03c5\u03bc\u03b5 \u03bc\u03ae\u03bd\u03c5\u03bc\u03b1 \u03c3\u03b1\u03c2&#8220; font_container=&#8220;tag:h4|text_align:left&#8220; google_fonts=&#8220;font_family:Roboto%3A100%2C100italic%2C300%2C300italic%2Cregular%2Citalic%2C500%2C500italic%2C700%2C700italic%2C900%2C900italic|font_style:500%20bold%20regular%3A500%3Anormal&#8220;][vc_column_text]Chcete -li se dozv\u011bd\u011bt v\u00edce o na\u0161ich nab\u00eddk\u00e1ch slu\u017eeb nebo n\u00e1s kontaktovat p\u0159\u00edmo, vypl\u0148te n\u00ed\u017ee uveden\u00fd kontaktn\u00ed formul\u00e1\u0159, zavolejte n\u00e1m telefonicky nebo n\u00e1m po\u0161lete e -mail.[\/vc_column_text][\/vc_column][vc_column width=&#8220;1\/2&#8243; shadow_x_offset=&#8220;0&#8243; shadow_y_offset=&#8220;0&#8243; shadow_blur=&#8220;0&#8243; shadow_spread=&#8220;0&#8243; offset=&#8220;vc_col-lg-4 vc_col-md-4 vc_col-xs-12&#8243;][stm_contact name=&#8220;Alexia Papagera&#8220; image=&#8220;1078&#8243; image_size=&#8220;80&#215;80&#8243; job=&#8220;SPR\u00c1VCE&#8220; phone=&#8220;(+30) 6977708807&#8243; email=&#8220;Info@xeniapalace.gr&#8220;][\/vc_column][\/vc_row][vc_row full_width=&#8220;stretch_row&#8220; equal_height=&#8220;yes&#8220; content_placement=&#8220;middle&#8220; shadow_x_offset=&#8220;0&#8243; shadow_y_offset=&#8220;0&#8243; shadow_blur=&#8220;0&#8243; shadow_spread=&#8220;0&#8243; shadow_color=&#8220;&#8220; css=&#8220;.vc_custom_1538134741352{margin-top: 40px !important;margin-bottom: 40px !important;background-color: #f3eee5 !important;}&#8220;][vc_column width=&#8220;1\/2&#8243; shadow_x_offset=&#8220;0&#8243; shadow_y_offset=&#8220;0&#8243; shadow_blur=&#8220;0&#8243; shadow_spread=&#8220;0&#8243; shadow_color=&#8220;&#8220; css=&#8220;.vc_custom_1538133673472{padding-top: 0px !important;padding-right: 50px !important;padding-bottom: 0px !important;}&#8220; offset=&#8220;vc_col-lg-4 vc_col-md-4 vc_col-xs-12&#8243;][stm_spacer height=&#8220;30&#8243; height_tablet=&#8220;30&#8243; height_mobile=&#8220;30&#8243;][vc_column_text]<\/p>\n<p style=\"font-size: 24px; line-height: 24px;\">Kontaktujte n\u00e1s<\/p>\n<p>[\/vc_column_text][stm_spacer height=&#8220;43&#8243; height_tablet=&#8220;10&#8243; height_mobile=&#8220;10&#8243;][stm_icon_box title_tag=&#8220;H6&#8243; title_custom_color=&#8220;rgba(34,34,34,0.6)&#8220; icon=&#8220;stmicon-phone-call&#8220; icon_class=&#8220;custom&#8220; icon_color=&#8220;#3a3138&#8243; icon_size=&#8220;45&#8243; icon_height=&#8220;60&#8243; icon_width=&#8220;65&#8243; title=&#8220;Telefon&#8220; title_fsz=&#8220;16px&#8220;]<\/p>\n<h3 style=\"font-size: 22px;\">&nbsp;<span class=\"stm-icontext__text fsz_14\">(+30) 6977708807<\/span><\/h3>\n<p>[\/stm_icon_box][stm_spacer height=&#8220;21&#8243; height_tablet=&#8220;20&#8243; height_mobile=&#8220;20&#8243;][stm_spacer height=&#8220;26&#8243; height_tablet=&#8220;25&#8243; height_mobile=&#8220;20&#8243;][stm_icon_box title_tag=&#8220;H6&#8243; title_custom_color=&#8220;rgba(34,34,34,0.6)&#8220; icon=&#8220;stmicon-maps-and-flags&#8220; icon_class=&#8220;custom&#8220; icon_color=&#8220;#3a3138&#8243; icon_size=&#8220;46&#8243; icon_height=&#8220;60&#8243; icon_width=&#8220;65&#8243; title=&#8220;Adresa&#8220; title_fsz=&#8220;16px&#8220;]<\/p>\n<h3 style=\"font-size: 22px;\">Nea Vrasna Thessaloniki 57021<\/h3>\n<p>[\/stm_icon_box][stm_spacer height=&#8220;30&#8243; height_tablet=&#8220;30&#8243; height_mobile=&#8220;30&#8243;][\/vc_column][vc_column stretch=&#8220;right&#8220; width=&#8220;1\/2&#8243; shadow_x_offset=&#8220;0&#8243; shadow_y_offset=&#8220;0&#8243; shadow_blur=&#8220;0&#8243; shadow_spread=&#8220;0&#8243; shadow_color=&#8220;&#8220; offset=&#8220;vc_col-lg-8 vc_col-md-8 vc_col-xs-12&#8243; css=&#8220;.vc_custom_1538133669144{padding-top: 0px !important;padding-bottom: 0px !important;}&#8220;][vc_gmaps link=&#8220;#E-8_JTNDaWZyYW1lJTIwc3JjJTNEJTIyaHR0cHMlM0ElMkYlMkZ3d3cuZ29vZ2xlLmNvbSUyRm1hcHMlMkZlbWJlZCUzRnBiJTNEJTIxMW0xNCUyMTFtMTIlMjExbTMlMjExZDEyMDk4LjA5MDkyNDU5MzQwNSUyMTJkMjMuNjkwNDU4NTQwNDM3OTY2JTIxM2Q0MC43MDY1MDc3ODU1ODE1NiUyMTJtMyUyMTFmMCUyMTJmMCUyMTNmMCUyMTNtMiUyMTFpMTAyNCUyMTJpNzY4JTIxNGYxMy4xJTIxNWUwJTIxM20yJTIxMXNlbCUyMTJzZ3IlMjE0djE2MDc1OTgyNzM4MDElMjE1bTIlMjExc2VsJTIxMnNnciUyMiUyMHdpZHRoJTNEJTIyNjAwJTIyJTIwaGVpZ2h0JTNEJTIyNDUwJTIyJTIwZnJhbWVib3JkZXIlM0QlMjIwJTIyJTIwc3R5bGUlM0QlMjJib3JkZXIlM0EwJTNCJTIyJTIwYWxsb3dmdWxsc2NyZWVuJTNEJTIyJTIyJTIwYXJpYS1oaWRkZW4lM0QlMjJmYWxzZSUyMiUyMHRhYmluZGV4JTNEJTIyMCUyMiUzRSUzQyUyRmlmcmFtZSUzRQ==&#8220; size=&#8220;645px&#8220; css=&#8220;.vc_custom_1607606657254{margin-bottom: 0px !important;}&#8220;][\/vc_column][\/vc_row][\/vc_section][vc_row shadow_x_offset=&#8220;0&#8243; shadow_y_offset=&#8220;0&#8243; shadow_blur=&#8220;0&#8243; shadow_spread=&#8220;0&#8243; shadow_color=&#8220;&#8220; css=&#8220;.vc_custom_1607613028953{padding-top: 20px !important;background-color: #d3d3d3 !important;}&#8220;][vc_column width=&#8220;1\/5&#8243; shadow_x_offset=&#8220;0&#8243; shadow_y_offset=&#8220;0&#8243; shadow_blur=&#8220;0&#8243; shadow_spread=&#8220;0&#8243;][\/vc_column][vc_column width=&#8220;3\/5&#8243;][vc_custom_heading text=&#8220;\u03a6\u03cc\u03c1\u03bc\u03b1 \u0395\u03c0\u03b9\u03ba\u03bf\u03b9\u03bd\u03c9\u03bd\u03af\u03b1\u03c2&#8220; font_container=&#8220;tag:h2|text_align:center&#8220; use_theme_fonts=&#8220;yes&#8220; heading_icon_color=&#8220;mtc&#8220; css=&#8220;.vc_custom_1607606920651{margin-bottom: 50px !important;}&#8220;][stm_contact_form_7 form=&#8220;2114&#8243;][\/vc_column][vc_column width=&#8220;1\/5&#8243;][\/vc_column][\/vc_row]<\/p>\n","protected":false},"excerpt":{"rendered":"<p>[vc_section css=&#8220;.vc_custom_1537953987339{padding-top: 0px !important;}&#8220;][vc_row shadow_x_offset=&#8220;0&#8243; shadow_y_offset=&#8220;0&#8243; shadow_blur=&#8220;0&#8243; shadow_spread=&#8220;0&#8243; shadow_color=&#8220;&#8220; css=&#8220;.vc_custom_1531906799465{padding-top: 20px !important;}&#8220;][vc_column width=&#8220;1\/2&#8243; shadow_x_offset=&#8220;0&#8243; shadow_y_offset=&#8220;0&#8243; shadow_blur=&#8220;0&#8243; shadow_spread=&#8220;0&#8243; offset=&#8220;vc_col-lg-8 vc_col-md-8 vc_col-xs-12&#8243;][vc_custom_heading text=&#8220;\u0398\u03b1 \u03c7\u03b1\u03c1\u03bf\u03cd\u03bc\u03b5 \u03bd\u03b1 \u03bb\u03ac\u03b2\u03bf\u03c5\u03bc\u03b5 \u03bc\u03ae\u03bd\u03c5\u03bc\u03b1 \u03c3\u03b1\u03c2&#8220; font_container=&#8220;tag:h4|text_align:left&#8220; google_fonts=&#8220;font_family:Roboto%3A100%2C100italic%2C300%2C300italic%2Cregular%2Citalic%2C500%2C500italic%2C700%2C700italic%2C900%2C900italic|font_style:500%20bold%20regular%3A500%3Anormal&#8220;][vc_column_text]Chcete -li se dozv\u011bd\u011bt v\u00edce o na\u0161ich nab\u00eddk\u00e1ch slu\u017eeb nebo n\u00e1s kontaktovat p\u0159\u00edmo, vypl\u0148te n\u00ed\u017ee uveden\u00fd kontaktn\u00ed formul\u00e1\u0159, zavolejte n\u00e1m telefonicky nebo n\u00e1m po\u0161lete e -mail.[\/vc_column_text][\/vc_column][vc_column width=&#8220;1\/2&#8243; shadow_x_offset=&#8220;0&#8243; [&hellip;]<\/p>\n","protected":false},"author":1,"featured_media":0,"parent":0,"menu_order":5,"comment_status":"closed","ping_status":"closed","template":"","meta":{"ngg_post_thumbnail":0,"footnotes":""},"class_list":["post-2427","page","type-page","status-publish","hentry"],"_links":{"self":[{"href":"https:\/\/www.xeniapalace.gr\/cs\/wp-json\/wp\/v2\/pages\/2427","targetHints":{"allow":["GET"]}}],"collection":[{"href":"https:\/\/www.xeniapalace.gr\/cs\/wp-json\/wp\/v2\/pages"}],"about":[{"href":"https:\/\/www.xeniapalace.gr\/cs\/wp-json\/wp\/v2\/types\/page"}],"author":[{"embeddable":true,"href":"https:\/\/www.xeniapalace.gr\/cs\/wp-json\/wp\/v2\/users\/1"}],"replies":[{"embeddable":true,"href":"https:\/\/www.xeniapalace.gr\/cs\/wp-json\/wp\/v2\/comments?post=2427"}],"version-history":[{"count":5,"href":"https:\/\/www.xeniapalace.gr\/cs\/wp-json\/wp\/v2\/pages\/2427\/revisions"}],"predecessor-version":[{"id":2850,"href":"https:\/\/www.xeniapalace.gr\/cs\/wp-json\/wp\/v2\/pages\/2427\/revisions\/2850"}],"wp:attachment":[{"href":"https:\/\/www.xeniapalace.gr\/cs\/wp-json\/wp\/v2\/media?parent=2427"}],"curies":[{"name":"wp","href":"https:\/\/api.w.org\/{rel}","templated":true}]}}