{"id":1234,"date":"2020-12-17T00:30:04","date_gmt":"2020-12-16T22:30:04","guid":{"rendered":"https:\/\/www.xeniapalace.gr\/startseite\/"},"modified":"2021-03-17T16:17:38","modified_gmt":"2021-03-17T14:17:38","slug":"startseite","status":"publish","type":"page","link":"https:\/\/www.xeniapalace.gr\/de\/","title":{"rendered":"Startseite"},"content":{"rendered":"<p>[vc_row shadow_x_offset=&#8220;0&#8243; shadow_y_offset=&#8220;0&#8243; shadow_blur=&#8220;0&#8243; shadow_spread=&#8220;0&#8243; shadow_color=&#8220;&#8220; css=&#8220;.vc_custom_1541590609387{margin-top: -20px !important;}&#8220; el_class=&#8220;overlap&#8220;][vc_column shadow_x_offset=&#8220;0&#8243; shadow_y_offset=&#8220;0&#8243; shadow_blur=&#8220;0&#8243; shadow_spread=&#8220;0&#8243; shadow_color=&#8220;&#8220; css=&#8220;.vc_custom_1541393368910{margin-top: -40px !important;}&#8220;][rev_slider_vc alias=&#8220;motel_slider1&#8243;][vc_row_inner el_class=&#8220;overlap&#8220;][vc_column_inner shadow_x_offset=&#8220;0&#8243; shadow_y_offset=&#8220;0&#8243; shadow_blur=&#8220;0&#8243; shadow_spread=&#8220;0&#8243; shadow_color=&#8220;&#8220; css=&#8220;.vc_custom_1541735920252{margin-top: -150px !important;}&#8220;][stm_spacer height_tablet=&#8220;150&#8243; height_mobile=&#8220;150&#8243;][stm_wp_hotelier_form title=&#8220;&#8220; style=&#8220;style_4&#8243;][\/vc_column_inner][\/vc_row_inner][\/vc_column][\/vc_row][vc_row full_width=&#8220;stretch_row&#8220; shadow_x_offset=&#8220;0&#8243; shadow_y_offset=&#8220;0&#8243; shadow_blur=&#8220;0&#8243; shadow_spread=&#8220;0&#8243; shadow_color=&#8220;&#8220; css=&#8220;.vc_custom_1542090342622{padding-top: 80px !important;padding-bottom: 80px !important;background-color: #f5f5f5 !important;}&#8220;][vc_column css_animation=&#8220;none&#8220; shadow_x_offset=&#8220;0&#8243; shadow_y_offset=&#8220;0&#8243; shadow_blur=&#8220;0&#8243; shadow_spread=&#8220;0&#8243; offset=&#8220;vc_col-lg-4 vc_col-md-4&#8243;][stm_icon_box icon=&#8220;stmicon-hotel-internet&#8220; icon_class=&#8220;ttc&#8220; icon_size=&#8220;60&#8243; icon_height=&#8220;80&#8243; icon_width=&#8220;85&#8243; min_height=&#8220;220&#8243; flip=&#8220;&#8220; flip_title_color=&#8220;&#8220; flip_content_color=&#8220;&#8220; title=&#8220;Gratis Wifi&#8220; title_fsz=&#8220;24&#8243; flip_title=&#8220;&#8220; flip_content=&#8220;&#8220; css=&#8220;.vc_custom_1607597054815{padding-right: 20px !important;}&#8220;]<\/p>\n<h5 class=\"no_line\">Gratis Wifi<\/h5>\n<div class=\"stm_iconbox__desc\">\n<p>Wir glauben, dass ein Hotel, wenn es f\u00fcr kostenloses WLAN wirbt, Reisenden eine schnelle und zuverl\u00e4ssige Verbindung bieten sollte.<\/p>\n<\/div>\n<p>[\/stm_icon_box][stm_spacer height=&#8220;0&#8243; height_tablet=&#8220;20&#8243; height_mobile=&#8220;35&#8243;][\/vc_column][vc_column css_animation=&#8220;none&#8220; shadow_x_offset=&#8220;0&#8243; shadow_y_offset=&#8220;0&#8243; shadow_blur=&#8220;0&#8243; shadow_spread=&#8220;0&#8243; offset=&#8220;vc_col-lg-4 vc_col-md-4&#8243;][stm_icon_box icon=&#8220;stmicon-hotel-parking&#8220; icon_class=&#8220;ttc&#8220; icon_height=&#8220;80&#8243; icon_width=&#8220;85&#8243; min_height=&#8220;220&#8243; flip=&#8220;&#8220; flip_title_color=&#8220;&#8220; flip_content_color=&#8220;&#8220; title=&#8220;Gratis Parkpl\u00e4tze&#8220; title_fsz=&#8220;24&#8243; flip_title=&#8220;&#8220; flip_content=&#8220;&#8220; css=&#8220;.vc_custom_1607597231168{padding-right: 20px !important;}&#8220;]Kostenlose Parkpl\u00e4tze, keine Reservierung erforderlich.[\/stm_icon_box][stm_spacer height=&#8220;0&#8243; height_tablet=&#8220;20&#8243; height_mobile=&#8220;35&#8243;][\/vc_column][vc_column css_animation=&#8220;none&#8220; shadow_x_offset=&#8220;0&#8243; shadow_y_offset=&#8220;0&#8243; shadow_blur=&#8220;0&#8243; shadow_spread=&#8220;0&#8243; shadow_color=&#8220;&#8220; offset=&#8220;vc_col-lg-4 vc_col-md-4&#8243;][stm_icon_box icon=&#8220;stmicon-bed2&#8243; icon_class=&#8220;ttc&#8220; icon_size=&#8220;55&#8243; icon_height=&#8220;80&#8243; icon_width=&#8220;85&#8243; min_height=&#8220;220&#8243; flip=&#8220;&#8220; flip_title_color=&#8220;&#8220; flip_content_color=&#8220;&#8220; title=&#8220;Dienstleistungen&#8220; title_fsz=&#8220;24&#8243; flip_title=&#8220;&#8220; flip_content=&#8220;&#8220; css=&#8220;.vc_custom_1607597821889{padding-right: 20px !important;}&#8220;]Bettw\u00e4sche, Klimaanlage, K\u00fcche, K\u00fchlschrank, Sat-TV, Balkon, Speisen im Freien[\/stm_icon_box][\/vc_column][\/vc_row][vc_row][vc_column][stm_spacer height=&#8220;0&#8243; height_laptop=&#8220;80&#8243; height_tablet=&#8220;40&#8243; height_mobile=&#8220;10&#8243;][vc_row_inner][vc_column_inner shadow_x_offset=&#8220;0&#8243; shadow_y_offset=&#8220;0&#8243; shadow_blur=&#8220;0&#8243; shadow_spread=&#8220;0&#8243; shadow_color=&#8220;&#8220; offset=&#8220;vc_col-lg-offset-1 vc_col-lg-10 vc_col-md-offset-1 vc_col-md-10 vc_col-xs-12&#8243;][vc_custom_heading text=&#8220;Zimmer&#8220; font_container=&#8220;tag:h6|font_size:140|text_align:center|color:%23e8d0b8&#8243; google_fonts=&#8220;font_family:Herr%20Von%20Muellerhoff%3Aregular|font_style:400%20regular%3A400%3Anormal&#8220;][vc_custom_heading text=&#8220;Zimmer&#8220; font_container=&#8220;tag:h3|font_size:48|text_align:center&#8220; google_fonts=&#8220;font_family:Roboto%3A100%2C100italic%2C300%2C300italic%2Cregular%2Citalic%2C500%2C500italic%2C700%2C700italic%2C900%2C900italic|font_style:700%20bold%20regular%3A700%3Anormal&#8220; link=&#8220;url:https%3A%2F%2Fwww.xeniapalace.gr%2Frooms-list%2F|title:Zimmer|&#8220;][stm_wp_hotelier_selective_rooms_carousel per_row=&#8220;3&#8243;][\/vc_column_inner][\/vc_row_inner][stm_spacer height=&#8220;20&#8243; height_laptop=&#8220;20&#8243; height_tablet=&#8220;10&#8243; height_mobile=&#8220;10&#8243;][\/vc_column][\/vc_row][vc_row full_width=&#8220;stretch_row&#8220; stm_parallax=&#8220;enable&#8220; shadow_x_offset=&#8220;0&#8243; shadow_y_offset=&#8220;0&#8243; shadow_blur=&#8220;0&#8243; shadow_spread=&#8220;0&#8243; shadow_color=&#8220;&#8220; css=&#8220;.vc_custom_1608034325736{margin-top: 40px !important;background-image: url(https:\/\/www.xeniapalace.gr\/wp-content\/uploads\/2020\/12\/paralia-kentriki2.jpg?id=1207) !important;}&#8220; stm_transparent_bg=&#8220;rgba(17,17,17,0.5)&#8220;][vc_column shadow_x_offset=&#8220;0&#8243; shadow_y_offset=&#8220;0&#8243; shadow_blur=&#8220;0&#8243; shadow_spread=&#8220;0&#8243; shadow_color=&#8220;&#8220; css=&#8220;.vc_custom_1541501496852{padding-top: 10px !important;padding-bottom: 10px !important;}&#8220;][stm_spacer height=&#8220;180&#8243; height_tablet=&#8220;120&#8243; height_mobile=&#8220;70&#8243;][vc_custom_heading text=&#8220;Buchen Sie jetzt!&#8220; font_container=&#8220;tag:h4|font_size:72|text_align:center|color:%23ffffff|line_height:80px&#8220; use_theme_fonts=&#8220;yes&#8220; link=&#8220;url:https%3A%2F%2Fwww.xeniapalace.gr%2Frooms-list%2F|&#8220;][stm_button button_pos=&#8220;center&#8220; button_border_color_hover=&#8220;#b55b02&#8243; link=&#8220;url:https%3A%2F%2Fwww.xeniapalace.gr%2Fhttps%3A%2F%2Fwww.xeniapalace.gr%2Fde%2Fzimmer%2F%2F|title:buchen%20Sie%20jetzt&#8220;][stm_spacer height=&#8220;160&#8243; height_tablet=&#8220;130&#8243; height_mobile=&#8220;70&#8243;][\/vc_column][\/vc_row][vc_row][vc_column width=&#8220;1\/3&#8243;][stm_spacer height=&#8220;200&#8243;][vc_custom_heading text=&#8220;Herzlich willkommen&#8220; font_container=&#8220;tag:h6|font_size:140|text_align:left|color:%23e8d0b8&#8243; google_fonts=&#8220;font_family:Herr%20Von%20Muellerhoff%3Aregular|font_style:400%20regular%3A400%3Anormal&#8220;][vc_custom_heading text=&#8220;Genie\u00dfen Sie Ihren Aufenthalt im Xenia Palace&#8220; font_container=&#8220;tag:h3|font_size:38|text_align:left&#8220; google_fonts=&#8220;font_family:Roboto%3A100%2C100italic%2C300%2C300italic%2Cregular%2Citalic%2C500%2C500italic%2C700%2C700italic%2C900%2C900italic|font_style:700%20bold%20regular%3A700%3Anormal&#8220;][\/vc_column][vc_column width=&#8220;1\/3&#8243;][stm_spacer height=&#8220;50&#8243;][vc_column_text]Willkommen im Xenia-Palas in einer wundersch\u00f6nen Umgebung in Nea Vrasna, wo Sie den Sommer genie\u00dfen k\u00f6nnen<br \/>\ndeine Ferien.<\/p>\n<p>Nur 100 m vom Meer, 100 m vom Zentrum von Nea Vrasna und 2 Minuten von der Kreuzung von Vrasna entfernt<br \/>\nXenia Palace von Egnatia Odos bietet Ihnen eine Reihe von Dienstleistungen, die selbst die anspruchsvollsten Anforderungen erf\u00fcllen<br \/>\nBesucher.<\/p>\n<p>Es liegt nur einen Steinwurf von der Fu\u00dfg\u00e4ngerzone des Strandes entfernt mit zahlreichen Tavernen, Caf\u00e9s, Bars und einem<br \/>\nreicher Markt, der sich von Nea Vrasna bis Asprovalta erstreckt.[\/vc_column_text][\/vc_column][vc_column width=&#8220;1\/3&#8243;][stm_spacer height=&#8220;50&#8243;][vc_column_text]Auf 100 Metern gibt es einen Spielplatz, Fu\u00dfg\u00e4ngerparks, aber auch den Vergn\u00fcgungspark, damit die Kleinen Spa\u00df haben<br \/>\nunsere G\u00e4ste.<\/p>\n<p>Und nat\u00fcrlich den voll organisierten Strand mit Rettungsschwimmern, Wassersport, freiem Sand und<br \/>\nSonnenliegen, werden Sie 24 Stunden am Tag mit verschiedenen Darstellungen der Sonne, des Mondes und nat\u00fcrlich beherbergen<br \/>\nblaugr\u00fcnes Meer.<\/p>\n<p>Die Entspannung, die Sie aus Ihrem Urlaub erhalten sollten, ist das Anliegen der Verantwortlichen von Xenia Palace !!![\/vc_column_text][\/vc_column][\/vc_row][vc_row shadow_x_offset=&#8220;0&#8243; shadow_y_offset=&#8220;0&#8243; shadow_blur=&#8220;0&#8243; shadow_spread=&#8220;0&#8243; shadow_color=&#8220;&#8220; css=&#8220;.vc_custom_1541996546532{margin-top: 40px !important;}&#8220;][vc_column shadow_x_offset=&#8220;0&#8243; shadow_y_offset=&#8220;0&#8243; shadow_blur=&#8220;0&#8243; shadow_spread=&#8220;0&#8243; shadow_color=&#8220;&#8220; css=&#8220;.vc_custom_1541501496852{padding-top: 10px !important;padding-bottom: 10px !important;}&#8220;][stm_cta button_color=&#8220;secondary&#8220; button_icon_pos=&#8220;&#8220; link=&#8220;url:https%3A%2F%2Fwww.xeniapalace.gr%2Fde%2Fzimmer%2F|title:Verf%C3%BCgbarkeit%20pr%C3%BCfen&#8220; css=&#8220;.vc_custom_1615990652625{border-top-width: 1px !important;border-right-width: 1px !important;border-bottom-width: 1px !important;border-left-width: 1px !important;border-left-color: #cccccc !important;border-left-style: solid !important;border-right-color: #cccccc !important;border-right-style: solid !important;border-top-color: #cccccc !important;border-top-style: solid !important;border-bottom-color: #cccccc !important;border-bottom-style: solid !important;border-radius: 5px !important;}&#8220; phone=&#8220;(+30) 6977708807&#8243; email=&#8220;Info@xeniapalace.gr&#8220;]<\/p>\n<h3>Bei sofortiger Buchung:<\/h3>\n<p>[\/stm_cta][\/vc_column][\/vc_row]<\/p>\n","protected":false},"excerpt":{"rendered":"<p>[vc_row shadow_x_offset=&#8220;0&#8243; shadow_y_offset=&#8220;0&#8243; shadow_blur=&#8220;0&#8243; shadow_spread=&#8220;0&#8243; shadow_color=&#8220;&#8220; css=&#8220;.vc_custom_1541590609387{margin-top: -20px !important;}&#8220; el_class=&#8220;overlap&#8220;][vc_column shadow_x_offset=&#8220;0&#8243; shadow_y_offset=&#8220;0&#8243; shadow_blur=&#8220;0&#8243; shadow_spread=&#8220;0&#8243; shadow_color=&#8220;&#8220; css=&#8220;.vc_custom_1541393368910{margin-top: -40px !important;}&#8220;][rev_slider_vc alias=&#8220;motel_slider1&#8243;][vc_row_inner el_class=&#8220;overlap&#8220;][vc_column_inner shadow_x_offset=&#8220;0&#8243; shadow_y_offset=&#8220;0&#8243; shadow_blur=&#8220;0&#8243; shadow_spread=&#8220;0&#8243; shadow_color=&#8220;&#8220; css=&#8220;.vc_custom_1541735920252{margin-top: -150px !important;}&#8220;][stm_spacer height_tablet=&#8220;150&#8243; height_mobile=&#8220;150&#8243;][stm_wp_hotelier_form title=&#8220;&#8220; style=&#8220;style_4&#8243;][\/vc_column_inner][\/vc_row_inner][\/vc_column][\/vc_row][vc_row full_width=&#8220;stretch_row&#8220; shadow_x_offset=&#8220;0&#8243; shadow_y_offset=&#8220;0&#8243; shadow_blur=&#8220;0&#8243; shadow_spread=&#8220;0&#8243; shadow_color=&#8220;&#8220; css=&#8220;.vc_custom_1542090342622{padding-top: 80px !important;padding-bottom: 80px !important;background-color: #f5f5f5 !important;}&#8220;][vc_column css_animation=&#8220;none&#8220; shadow_x_offset=&#8220;0&#8243; shadow_y_offset=&#8220;0&#8243; shadow_blur=&#8220;0&#8243; shadow_spread=&#8220;0&#8243; offset=&#8220;vc_col-lg-4 vc_col-md-4&#8243;][stm_icon_box icon=&#8220;stmicon-hotel-internet&#8220; icon_class=&#8220;ttc&#8220; icon_size=&#8220;60&#8243; [&hellip;]<\/p>\n","protected":false},"author":1,"featured_media":0,"parent":0,"menu_order":1,"comment_status":"closed","ping_status":"closed","template":"","meta":{"ngg_post_thumbnail":0,"footnotes":""},"class_list":["post-1234","page","type-page","status-publish","hentry"],"_links":{"self":[{"href":"https:\/\/www.xeniapalace.gr\/de\/wp-json\/wp\/v2\/pages\/1234","targetHints":{"allow":["GET"]}}],"collection":[{"href":"https:\/\/www.xeniapalace.gr\/de\/wp-json\/wp\/v2\/pages"}],"about":[{"href":"https:\/\/www.xeniapalace.gr\/de\/wp-json\/wp\/v2\/types\/page"}],"author":[{"embeddable":true,"href":"https:\/\/www.xeniapalace.gr\/de\/wp-json\/wp\/v2\/users\/1"}],"replies":[{"embeddable":true,"href":"https:\/\/www.xeniapalace.gr\/de\/wp-json\/wp\/v2\/comments?post=1234"}],"version-history":[{"count":5,"href":"https:\/\/www.xeniapalace.gr\/de\/wp-json\/wp\/v2\/pages\/1234\/revisions"}],"predecessor-version":[{"id":2078,"href":"https:\/\/www.xeniapalace.gr\/de\/wp-json\/wp\/v2\/pages\/1234\/revisions\/2078"}],"wp:attachment":[{"href":"https:\/\/www.xeniapalace.gr\/de\/wp-json\/wp\/v2\/media?parent=1234"}],"curies":[{"name":"wp","href":"https:\/\/api.w.org\/{rel}","templated":true}]}}