{"id":1880,"date":"2021-03-14T11:17:13","date_gmt":"2021-03-14T09:17:13","guid":{"rendered":"https:\/\/www.xeniapalace.gr\/sehenswuerdichkeiten\/"},"modified":"2021-03-14T11:25:24","modified_gmt":"2021-03-14T09:25:24","slug":"sehenswuerdichkeiten","status":"publish","type":"page","link":"https:\/\/www.xeniapalace.gr\/de\/sehenswuerdichkeiten\/","title":{"rendered":"SEHENSW\u00dcRDICHKEITEN"},"content":{"rendered":"<p>Bezaubernde Str\u00e4nde, Pfade, die sich durch das Gr\u00fcn der Berge schl\u00e4ngeln, und gastfreundliche Menschen, die Sie herzlich willkommen hei\u00dfen\u2026 Zu jeder Jahreszeit, die Sie besuchen m\u00f6chten, finden Sie die Gemeinde Volvi absolut reizvoll. Die nat\u00fcrliche Landschaft hier ist zu jeder Jahreszeit ein Vergn\u00fcgen. Winter genauso wie Sommer!<\/p>\n<table border=\"1\" cellspacing=\"2\" cellpadding=\"2\">\n<tbody>\n<tr>\n<td><strong><img decoding=\"async\" class=\"size-full wp-image-2050 aligncenter lazyload\" data-src=\"https:\/\/pansiondelfini.gr\/wp-content\/uploads\/2020\/09\/Beaches.jpg\" alt=\"\" width=\"143\" height=\"38\" src=\"data:image\/svg+xml;base64,PHN2ZyB3aWR0aD0iMSIgaGVpZ2h0PSIxIiB4bWxucz0iaHR0cDovL3d3dy53My5vcmcvMjAwMC9zdmciPjwvc3ZnPg==\" style=\"--smush-placeholder-width: 143px; --smush-placeholder-aspect-ratio: 143\/38;\" \/><img decoding=\"async\" class=\"size-full wp-image-2040 alignleft lazyload\" data-src=\"https:\/\/pansiondelfini.gr\/wp-content\/uploads\/2020\/09\/blue-flag-150x150-1.jpg\" alt=\"\" width=\"150\" height=\"150\" src=\"data:image\/svg+xml;base64,PHN2ZyB3aWR0aD0iMSIgaGVpZ2h0PSIxIiB4bWxucz0iaHR0cDovL3d3dy53My5vcmcvMjAwMC9zdmciPjwvc3ZnPg==\" style=\"--smush-placeholder-width: 150px; --smush-placeholder-aspect-ratio: 150\/150;\" \/>Preisgekr\u00f6nt\u2026<\/strong><br \/>\nSieben BLAUE Fahnen in Asprovalta, Nea Vrasna und Stavros von 2014 mit EU Blaue Fahnen ausgezeichnet<br \/>\n<strong>Sicher\u2026<\/strong> Flaches Wasser mit Sandstr\u00e4nden, ideal f\u00fcr kleine Kinder und Familien, mit Rettungsschwimmern, die an den Hauptstrecken im Einsatz sind.<br \/>\n<strong>Sauber\u2026<\/strong> Die Qualit\u00e4t des Wassers in der gesamten Strymoniko Golf wurde von der University of the Aegean getestet und zertifiziert.<br \/>\n<strong>Zug\u00e4nglich\u2026<\/strong> Direkt an Hauptstra\u00dfennetzen, Hotels, Mietzimmern, Gesch\u00e4ften und Restaurants.<img decoding=\"async\" class=\"aligncenter size-full wp-image-2052 lazyload\" data-src=\"https:\/\/pansiondelfini.gr\/wp-content\/uploads\/2020\/09\/Nature.jpg\" alt=\"\" width=\"129\" height=\"41\" src=\"data:image\/svg+xml;base64,PHN2ZyB3aWR0aD0iMSIgaGVpZ2h0PSIxIiB4bWxucz0iaHR0cDovL3d3dy53My5vcmcvMjAwMC9zdmciPjwvc3ZnPg==\" style=\"--smush-placeholder-width: 129px; --smush-placeholder-aspect-ratio: 129\/41;\" \/><strong><img decoding=\"async\" class=\"alignleft size-full wp-image-2042 lazyload\" data-src=\"https:\/\/pansiondelfini.gr\/wp-content\/uploads\/2020\/09\/surfing-150x126-1.jpg\" alt=\"\" width=\"150\" height=\"126\" src=\"data:image\/svg+xml;base64,PHN2ZyB3aWR0aD0iMSIgaGVpZ2h0PSIxIiB4bWxucz0iaHR0cDovL3d3dy53My5vcmcvMjAwMC9zdmciPjwvc3ZnPg==\" style=\"--smush-placeholder-width: 150px; --smush-placeholder-aspect-ratio: 150\/126;\" \/>Volvi-See\u2026<\/strong> Genie\u00dfen Sie einen Kaffee und etwas zu essen mit Blick auf den zweitgr\u00f6\u00dften See Griechenlands, in dem 248 Vogelarten und 24 Fischarten leben.<br \/>\n<strong>Spazierg\u00e4nge\u2026<\/strong> Auf Bergpfaden, entlang der Ufer des Flusses Rihios, \u00fcber das Arethousa-Plateau und entlang der Ufer des Volvi-Sees.<br \/>\n<strong>W\u00e4lder\u2026<\/strong> Der Rake-See-Wald von Apollonia, der Platanenwald von Melissoyrgos, der Wald von Stefanina, der Platanenwald von Stavros und Asprovalta.<br \/>\n<strong>\u00d6kotourismus\u2026<\/strong> Gelegenheit, die seltenen Schutt des Volvi-Sees zu beobachten, zu reiten und Rad zu fahren, am See zu surfen und Kanu zu fahren sowie die Blumeng\u00e4rten von Modi zu besuchen.<strong><br \/>\n<\/strong><img decoding=\"async\" class=\"aligncenter size-full wp-image-2054 lazyload\" data-src=\"https:\/\/pansiondelfini.gr\/wp-content\/uploads\/2020\/09\/Culture.jpg\" alt=\"\" width=\"120\" height=\"42\" src=\"data:image\/svg+xml;base64,PHN2ZyB3aWR0aD0iMSIgaGVpZ2h0PSIxIiB4bWxucz0iaHR0cDovL3d3dy53My5vcmcvMjAwMC9zdmciPjwvc3ZnPg==\" style=\"--smush-placeholder-width: 120px; --smush-placeholder-aspect-ratio: 120\/42;\" \/><strong><img decoding=\"async\" class=\"alignleft size-full wp-image-2044 lazyload\" data-src=\"https:\/\/pansiondelfini.gr\/wp-content\/uploads\/2020\/09\/koudounia-150x117-1.jpg\" alt=\"\" width=\"150\" height=\"117\" src=\"data:image\/svg+xml;base64,PHN2ZyB3aWR0aD0iMSIgaGVpZ2h0PSIxIiB4bWxucz0iaHR0cDovL3d3dy53My5vcmcvMjAwMC9zdmciPjwvc3ZnPg==\" style=\"--smush-placeholder-width: 150px; --smush-placeholder-aspect-ratio: 150\/117;\" \/>Festivals\u2026<\/strong> Sommerfestivals mit Konzerten aller Art mit griechischer und klassischer Musik, Chorkonzerten, Theaterproduktionen usw.<br \/>\n<strong>Tradition\u2026<\/strong> Das ganze Jahr \u00fcber gibt es traditionelle Feste und Br\u00e4uche wie Arapidew in Profitis mit Glockenl\u00e4uten und das Babo-Festival in Skepasto.<br \/>\n<strong>Folklore &#8230;<\/strong> Entdecken Sie die einzigartige Geschichte der einzelnen Gebiete in den kleinen lokalen Folkloremuseen, die sich dem Erhalt des Alltags der Menschen vor Ort widmen.<br \/>\n<strong>D\u00f6rfer\u2026<\/strong> Besichtigen Sie die malerischen D\u00f6rfer der Region wie Ano Stavros und Vrasna sowie die Bergd\u00f6rfer mit ihrem unverwechselbaren Charakter und ihrer Atmosph\u00e4re.<strong><br \/>\n<\/strong><\/td>\n<td style=\"vertical-align: top;\"><img decoding=\"async\" class=\"aligncenter size-full wp-image-2051 lazyload\" data-src=\"https:\/\/pansiondelfini.gr\/wp-content\/uploads\/2020\/09\/Monuments.jpg\" alt=\"\" width=\"194\" height=\"32\" src=\"data:image\/svg+xml;base64,PHN2ZyB3aWR0aD0iMSIgaGVpZ2h0PSIxIiB4bWxucz0iaHR0cDovL3d3dy53My5vcmcvMjAwMC9zdmciPjwvc3ZnPg==\" style=\"--smush-placeholder-width: 194px; --smush-placeholder-aspect-ratio: 194\/32;\" \/><img decoding=\"async\" class=\"alignleft size-full wp-image-2041 lazyload\" data-src=\"https:\/\/pansiondelfini.gr\/wp-content\/uploads\/2020\/09\/leontari.jpg\" alt=\"\" width=\"176\" height=\"157\" src=\"data:image\/svg+xml;base64,PHN2ZyB3aWR0aD0iMSIgaGVpZ2h0PSIxIiB4bWxucz0iaHR0cDovL3d3dy53My5vcmcvMjAwMC9zdmciPjwvc3ZnPg==\" style=\"--smush-placeholder-width: 176px; --smush-placeholder-aspect-ratio: 176\/157;\" \/><strong>Religi\u00f6s\u2026<\/strong> Heiliger Christ, die Bema des Apostels Paulus, die Kirche von Aghia Marina in Rentina, die Kirche von Aghios Lazaros in Evangelismos, Aghios Georgios in Stefanina und Aghia Paraskevi in Nikomidino.<br \/>\n<strong>Arch\u00e4ologisch\u2026<\/strong> Das Fort von Vrasna, die hellenistische Villa in Asprovalta, die alten Siedlungen von Arethousa und Apollonia.<br \/>\n<strong>Byzantinisch\u2026<\/strong> Das Schloss von Rentina, die einzigartige befestigte Gemeinde in der ber\u00fchmten mazedonischen Lage des Tempels, die postbyzantinisch-osmanischen B\u00e4der von Apollonia.<br \/>\n<strong>Umwelt\u2026<\/strong> Die alten Platanen in Scholan-Apollonia, die mysteri\u00f6sen Nymfopetres, die Drakotrypa-H\u00f6hle in Vrasna.<br \/>\n<strong>Amfipolis\u2026<\/strong> Nur 29 km von der Kasta von Amfipolis entfernt, dem wichtigsten aller Gr\u00e4ber in<br \/>\nMazedonien<br \/>\n<img decoding=\"async\" class=\"aligncenter size-full wp-image-2053 lazyload\" data-src=\"https:\/\/pansiondelfini.gr\/wp-content\/uploads\/2020\/09\/Leisure.jpg\" alt=\"\" width=\"120\" height=\"28\" src=\"data:image\/svg+xml;base64,PHN2ZyB3aWR0aD0iMSIgaGVpZ2h0PSIxIiB4bWxucz0iaHR0cDovL3d3dy53My5vcmcvMjAwMC9zdmciPjwvc3ZnPg==\" style=\"--smush-placeholder-width: 120px; --smush-placeholder-aspect-ratio: 120\/28;\" \/><strong><img decoding=\"async\" class=\"alignleft size-full wp-image-2043 lazyload\" data-src=\"https:\/\/pansiondelfini.gr\/wp-content\/uploads\/2020\/09\/koritsia-150x114-1.jpg\" alt=\"\" width=\"150\" height=\"114\" src=\"data:image\/svg+xml;base64,PHN2ZyB3aWR0aD0iMSIgaGVpZ2h0PSIxIiB4bWxucz0iaHR0cDovL3d3dy53My5vcmcvMjAwMC9zdmciPjwvc3ZnPg==\" style=\"--smush-placeholder-width: 150px; --smush-placeholder-aspect-ratio: 150\/114;\" \/>Ausfl\u00fcge\u2026<\/strong> Nur 69 km von Ouranoupolis entfernt, dem Tor zum Berg. Athos, 60 km von der Alistrati-H\u00f6hle, 14 km vom Geburtsort des Aristoteles (antike Stageira) und nur eine Autostunde von Thessaloniki entfernt.<br \/>\n<strong>Essen\u2026<\/strong> Probieren Sie die frischen Meeresfr\u00fcchte, die an der K\u00fcste des Golfs von Strymonic gefangen wurden, sowie Fleisch- und Milchprodukte, Gem\u00fcse, Tsipouro und andere einzigartige lokale Produkte der Berg- und Bergd\u00f6rfer.<br \/>\n<strong>Unterhaltung\u2026<\/strong> Alle Arten von Freizeitm\u00f6glichkeiten in Clubs und Bars am Meer, am Ufer des Sees oder mit herrlicher Aussicht.<br \/>\n<img decoding=\"async\" class=\"alignleft size-full wp-image-2045 lazyload\" data-src=\"https:\/\/pansiondelfini.gr\/wp-content\/uploads\/2020\/09\/koritsaki.jpg\" alt=\"\" width=\"290\" height=\"326\" src=\"data:image\/svg+xml;base64,PHN2ZyB3aWR0aD0iMSIgaGVpZ2h0PSIxIiB4bWxucz0iaHR0cDovL3d3dy53My5vcmcvMjAwMC9zdmciPjwvc3ZnPg==\" style=\"--smush-placeholder-width: 290px; --smush-placeholder-aspect-ratio: 290\/326;\" \/><\/td>\n<\/tr>\n<\/tbody>\n<\/table>\n<p>&nbsp;<\/p>\n","protected":false},"excerpt":{"rendered":"<p>Bezaubernde Str\u00e4nde, Pfade, die sich durch das Gr\u00fcn der Berge schl\u00e4ngeln, und gastfreundliche Menschen, die Sie herzlich willkommen hei\u00dfen\u2026 Zu jeder Jahreszeit, die Sie besuchen m\u00f6chten, finden Sie die Gemeinde Volvi absolut reizvoll. Die nat\u00fcrliche Landschaft hier ist zu jeder Jahreszeit ein Vergn\u00fcgen. Winter genauso wie Sommer! Preisgekr\u00f6nt\u2026 Sieben BLAUE Fahnen in Asprovalta, Nea Vrasna [&hellip;]<\/p>\n","protected":false},"author":1,"featured_media":0,"parent":0,"menu_order":0,"comment_status":"closed","ping_status":"closed","template":"","meta":{"ngg_post_thumbnail":0,"footnotes":""},"class_list":["post-1880","page","type-page","status-publish","hentry"],"_links":{"self":[{"href":"https:\/\/www.xeniapalace.gr\/de\/wp-json\/wp\/v2\/pages\/1880","targetHints":{"allow":["GET"]}}],"collection":[{"href":"https:\/\/www.xeniapalace.gr\/de\/wp-json\/wp\/v2\/pages"}],"about":[{"href":"https:\/\/www.xeniapalace.gr\/de\/wp-json\/wp\/v2\/types\/page"}],"author":[{"embeddable":true,"href":"https:\/\/www.xeniapalace.gr\/de\/wp-json\/wp\/v2\/users\/1"}],"replies":[{"embeddable":true,"href":"https:\/\/www.xeniapalace.gr\/de\/wp-json\/wp\/v2\/comments?post=1880"}],"version-history":[{"count":1,"href":"https:\/\/www.xeniapalace.gr\/de\/wp-json\/wp\/v2\/pages\/1880\/revisions"}],"predecessor-version":[{"id":1885,"href":"https:\/\/www.xeniapalace.gr\/de\/wp-json\/wp\/v2\/pages\/1880\/revisions\/1885"}],"wp:attachment":[{"href":"https:\/\/www.xeniapalace.gr\/de\/wp-json\/wp\/v2\/media?parent=1880"}],"curies":[{"name":"wp","href":"https:\/\/api.w.org\/{rel}","templated":true}]}}