{"id":2223,"date":"2021-04-28T21:30:06","date_gmt":"2021-04-28T19:30:06","guid":{"rendered":"https:\/\/www.xeniapalace.gr\/turistic\/"},"modified":"2021-07-09T11:31:15","modified_gmt":"2021-07-09T09:31:15","slug":"turistic","status":"publish","type":"page","link":"https:\/\/www.xeniapalace.gr\/ro\/turistic\/","title":{"rendered":"Turistic"},"content":{"rendered":"<h3>Asezari turistice care merita vizitate in&nbsp; municipiul Volvi<\/h3>\n<h2>Ancient Stagira, Locul na\u0219terii lui Aristotel<\/h2>\n<p><img decoding=\"async\" class=\"aligncenter size-full wp-image-2231 lazyload\" data-src=\"https:\/\/www.xeniapalace.gr\/wp-content\/uploads\/2021\/04\/aristotelis1.jpg\" alt=\"\" width=\"1024\" height=\"816\" data-srcset=\"https:\/\/www.xeniapalace.gr\/wp-content\/uploads\/2021\/04\/aristotelis1.jpg 1024w, https:\/\/www.xeniapalace.gr\/wp-content\/uploads\/2021\/04\/aristotelis1-300x239.jpg 300w, https:\/\/www.xeniapalace.gr\/wp-content\/uploads\/2021\/04\/aristotelis1-768x612.jpg 768w\" data-sizes=\"(max-width: 1024px) 100vw, 1024px\" src=\"data:image\/svg+xml;base64,PHN2ZyB3aWR0aD0iMSIgaGVpZ2h0PSIxIiB4bWxucz0iaHR0cDovL3d3dy53My5vcmcvMjAwMC9zdmciPjwvc3ZnPg==\" style=\"--smush-placeholder-width: 1024px; --smush-placeholder-aspect-ratio: 1024\/816;\" \/><\/p>\n<p>Stagira a fost un oras antic grecesc, situat \u00een centrul ora\u0219ului Macedonia, \u00een apropiere de coasta de est a peninsulei Halkidiki, \u0219i este \u00een principal cunoscut pentru a fi locul de na\u0219tere a lui Aristotel, care a fost un filosof grec \u0219i persoana enciclopedica, student al lui Platon \u0219i profesorul lui Alexandru cel Mare.<\/p>\n<p>Aristotel s-a n\u0103scut \u00een 384 BC , \u0219i a devenit unul dintre cei mai importan\u021bi filosofi greci din antichitate. Dup\u0103 Socrate \u0219i Platon, Aristotel a fost marele filosof care a influen\u021bat g\u00e2ndirea anticilor.<\/p>\n<p>Un parc unic al lui Aristotel este situat la o altitudine de aproximativ 500 metri, \u00een satul istoric Stagira. Este demn de a fi vizitat nu numai pentru constructiile sale interesante, dar, de asemenea, pentru minunata vedere la mare a golfului Ierissos. Parcul a preexistat \u0219i loca\u021bia minunat\u0103 a fost aleas\u0103 1956 pentru a g\u0103zdui statuia lui Aristotel, realizata de sculptorul Nicholas, \u00een onoarea marelui filosof care s-a n\u0103scut acolo. Instrumentele interactive unice au fost plasate acolo in anul 2003. Acestea sunt instrumente experimentale, care func\u021bioneaz\u0103 dup\u0103 regulile fizicii, care sunt men\u021bionate \u00een manualele lui Aristotel \u0219i mai ales \u00een cel numit \u201eThe Naturals&#8221; \u0219i combin\u0103 recreere, divertisment \u0219i educa\u021bie.<\/p>\n<p>Ora\u0219ul se afl\u0103 la aproximativ la o distanta de 16 km de Stavros \u0219i&nbsp; 17 min de conducere.<\/p>\n<h2>Mormantul lui Amphipoli &#8211; Movila&nbsp; Kasta<\/h2>\n<p><img decoding=\"async\" class=\"aligncenter size-full wp-image-2233 lazyload\" data-src=\"https:\/\/www.xeniapalace.gr\/wp-content\/uploads\/2021\/04\/kasta1.jpg\" alt=\"\" width=\"1024\" height=\"816\" data-srcset=\"https:\/\/www.xeniapalace.gr\/wp-content\/uploads\/2021\/04\/kasta1.jpg 1024w, https:\/\/www.xeniapalace.gr\/wp-content\/uploads\/2021\/04\/kasta1-300x239.jpg 300w, https:\/\/www.xeniapalace.gr\/wp-content\/uploads\/2021\/04\/kasta1-768x612.jpg 768w\" data-sizes=\"(max-width: 1024px) 100vw, 1024px\" src=\"data:image\/svg+xml;base64,PHN2ZyB3aWR0aD0iMSIgaGVpZ2h0PSIxIiB4bWxucz0iaHR0cDovL3d3dy53My5vcmcvMjAwMC9zdmciPjwvc3ZnPg==\" style=\"--smush-placeholder-width: 1024px; --smush-placeholder-aspect-ratio: 1024\/816;\" \/>Movila Kasta, de asemenea, cunoscut sub numele de Mormantul lui Amphipoli , este un antic macedonean morm\u00e2nt care a fost descoperit \u00een interiorul movilei Kasta&nbsp; \u00een apropiere de Amphipolis, Macedonia Central\u0103, \u00een nordul Greciei, \u00een 2012. Morm\u00e2ntul descoperit recent dateaz\u0103 din ultimul sfert al secolului al 4-lea B.c. Aproape de morm\u00e2nt, se afl\u0103 Leul din Amphipolis, care ini\u021bial era situat pe partea de sus a Movilei Kasta \u0219i la un moment dat, \u00een trecut, a fost mutat \u00een loca\u021bia sa actual\u0103. Exist\u0103, de asemenea, Muzeul Arheologic din Amphipolis&nbsp; unde exponate&nbsp; din Amphipolis \u0219i \u00eemprejurimile sale sunt expuse.<\/p>\n<p>Arheologii au f\u0103cut o serie de descoperiri importante in zona din august 2014.<\/p>\n<p>Doi sfinc\u0219i din marmura de aproximativ 2 m (7 ft) inaltime care pazesc intrarea principal\u0103 \u00een morm\u00e2nt. O pictura murala vizibila inca, care imita un peristil ionian, pe partea de sus unde se afla sfincsi. Dou\u0103 statui de sex feminin de Cariatid\u0103 aflati \u00een anticamer\u0103, care sprijin\u0103 intrarea \u00een al doilea compartiment al morm\u00e2ntului. O u\u0219\u0103 de marmur\u0103, tipic mormintelor macedonene. Un mozaic de 3 m (9.8 ft) latime \u0219i 4.5 m (15 ft) lungime \u00een a doua camer\u0103, care descrie rapirea Persefonei de zeul Pluton, conduc\u0103tor al lumii de jos. O bolta de opt metri p\u0103trati&nbsp; \u0219i o u\u0219\u0103 de marmur\u0103 \u00een a treia camer\u0103, unde resturile scheletice alor 5 persoane au fost g\u0103site.<\/p>\n<p>Morm\u00e2ntul lui Amphipoli se afla la aproximativ 30 km distanta de Stavros \u0219i 25 min de conducere.<\/p>\n<h2>Castelul Rentina<\/h2>\n<p><img decoding=\"async\" class=\"aligncenter wp-image-2235 size-full lazyload\" data-src=\"https:\/\/www.xeniapalace.gr\/wp-content\/uploads\/2021\/04\/kastro.jpg\" alt=\"\" width=\"1024\" height=\"816\" data-srcset=\"https:\/\/www.xeniapalace.gr\/wp-content\/uploads\/2021\/04\/kastro.jpg 1024w, https:\/\/www.xeniapalace.gr\/wp-content\/uploads\/2021\/04\/kastro-300x239.jpg 300w, https:\/\/www.xeniapalace.gr\/wp-content\/uploads\/2021\/04\/kastro-768x612.jpg 768w\" data-sizes=\"(max-width: 1024px) 100vw, 1024px\" src=\"data:image\/svg+xml;base64,PHN2ZyB3aWR0aD0iMSIgaGVpZ2h0PSIxIiB4bWxucz0iaHR0cDovL3d3dy53My5vcmcvMjAwMC9zdmciPjwvc3ZnPg==\" style=\"--smush-placeholder-width: 1024px; --smush-placeholder-aspect-ratio: 1024\/816;\" \/><\/p>\n<p>La doar 10 minute de Stavros, se afl\u0103 castelul bizantin Rentina. Castelul este situat \u00een v\u00e2rful unui deal natural care are vederea spre punctul \u00een care mun\u021bii din bazinul Migdoniki au creat un pasaj \u00eengust, care permite trecerea r\u00e2ului Richios \u0219i unui vechi pasaj rutier de comunicare dintre Macedonia si regiunea tracic\u0103.<\/p>\n<p>Acest drum a devenit bine cunoscut \u00een timpul erei romane, ca Strada Egnatia \u0219i \u00ee\u0219i continu\u0103 via\u021ba \u00een anii bizantini si de asemenea&nbsp; \u00een timpul ocupa\u021biei otomane p\u00e2n\u0103 \u00een prezent. Cele dou\u0103 p\u0103r\u021bi ale dealului sunt abrupte \u0219i dificil de trecut \u0219i care \u00eempreun\u0103 cu pere\u021bii fac o zon\u0103 foarte puternic fortificata al c\u0103rui obiectiv a fost de a conduce \u0219i controla acest drum.<\/p>\n<p>Dealul este situat pe partea de vest a r\u00e2ului Richios \u0219i const\u0103 intr-un loc cu adev\u0103rat frumos. Zona este protejat\u0103 \u00een special pentru frumuse\u021bea sa natural\u0103 dar \u0219i pentru vegeta\u021bia sa unic\u0103 prin conven\u021biile interna\u021bionale \u0219i este considerat una dintre cele mai importante zone ale lumii din punct de vedere a mediului.<\/p>\n<p>Un total de nou\u0103 turnuri au fost g\u0103site, \u00een jurul peretelui, \u00een acropola \u0219i pe peretele transversal al castelului. Toate turnurile au form\u0103 p\u0103trat\u0103 cu excep\u021bia unuia din timpul lui Iustinian, care este circular\u0103. Dintre turnurile, care ies \u00een eviden\u021b\u0103 pentru dimensiunea \u0219i pentru \u00een\u0103l\u021bimea lor, la care turnul din col\u021bul de est \u0219i turnul din col\u021bul vestic \u00eenc\u0103 r\u0103m\u00e2n vizibile si ast\u0103zi.<\/p>\n<p>Castelul Rentina se afla la aproximativ 10 km de Stavros \u0219i 10 min cu masina.<\/p>\n<h2>Muzeul Arheologic din Salonic<\/h2>\n<p><img decoding=\"async\" class=\"aligncenter wp-image-2237 size-full lazyload\" data-src=\"https:\/\/www.xeniapalace.gr\/wp-content\/uploads\/2021\/04\/mouseio.jpg\" alt=\"\" width=\"1024\" height=\"768\" data-srcset=\"https:\/\/www.xeniapalace.gr\/wp-content\/uploads\/2021\/04\/mouseio.jpg 1024w, https:\/\/www.xeniapalace.gr\/wp-content\/uploads\/2021\/04\/mouseio-300x225.jpg 300w, https:\/\/www.xeniapalace.gr\/wp-content\/uploads\/2021\/04\/mouseio-768x576.jpg 768w\" data-sizes=\"(max-width: 1024px) 100vw, 1024px\" src=\"data:image\/svg+xml;base64,PHN2ZyB3aWR0aD0iMSIgaGVpZ2h0PSIxIiB4bWxucz0iaHR0cDovL3d3dy53My5vcmcvMjAwMC9zdmciPjwvc3ZnPg==\" style=\"--smush-placeholder-width: 1024px; --smush-placeholder-aspect-ratio: 1024\/768;\" \/><\/p>\n<p>Muzeul Arheologic din Salonic este unul dintre cele mai mari muzee din Grecia \u0219i muzeul central din nordul Greciei. Vizitatorii pot sa admire colec\u021biile sale unice de artefacte antice precum \u0219i sa bucure de activit\u0103\u021bile sale culturale bogate \u0219i extrovertite.<\/p>\n<p>Ea de\u021bine artefacte din perioadele Antica, Clasica, Elenistica \u0219i Romana&nbsp; din apropierea ora\u0219ului Salonic \u0219i din regiunea Macedoniei \u00een general. Camerele centrale de\u021bin exponate din s\u0103p\u0103turile arheologice efectuate \u00een Salonic \u0219i din zona Macedoniei. Aripa nou\u0103 g\u0103zduie\u0219te dou\u0103 expozi\u021bii: Aurul Macedon, cu artefacte din cimitirele Sindos, Agia Paraskevi, Nea Filadelfia, Makrygialos, Derveni, Lete, Seres \u0219i Evropos \u0219i zona Salonic cu material din a\u0219ez\u0103ri preistoric, dat\u00e2nd din Neolitic, era timpurie \u0219i t\u00e2rzie a Epocii de bronz.<\/p>\n<p>\u00cen afar\u0103 de exponatele sale permanente, Muzeul de Arheologie g\u0103zduie\u0219te de asemenea, expozi\u021bii temporare \u0219i tematice majore. \u00cen Camera Manolis Andronikos , de exemplu, exist\u0103 o expozi\u021bie intitulat\u0103 Monedele din Macedonia din secolul al 6-lea la 148 BC, cu exemple de monede care circulau \u00een Macedonia \u00een acea perioad\u0103. O caset\u0103 de prezentare \u00een holul muzeului prezint\u0103 unele descoperiri ale sapaturilor din a\u0219ezarea neolitic\u0103 de la Makrygialos, \u00een Pieria, \u00eenso\u021bite de informa\u021bii cu privire la progresele \u00eenregistrate in sapaturi. \u00cen aripa nou\u0103, expozitia Aurul&nbsp; Macedonilor cuprinde descoperiri din numeroasele s\u0103p\u0103turi din Macedonia Central\u0103.<\/p>\n<p>Muzeul se afl\u0103 la o distanta de aproximativ 80 km de Stavros \u0219i 60 de minute cu masina.<\/p>\n<h2>Muntele Athos<\/h2>\n<p><img decoding=\"async\" class=\"aligncenter size-full wp-image-2239 lazyload\" data-src=\"https:\/\/www.xeniapalace.gr\/wp-content\/uploads\/2021\/04\/oros.jpg\" alt=\"\" width=\"1024\" height=\"818\" data-srcset=\"https:\/\/www.xeniapalace.gr\/wp-content\/uploads\/2021\/04\/oros.jpg 1024w, https:\/\/www.xeniapalace.gr\/wp-content\/uploads\/2021\/04\/oros-300x240.jpg 300w, https:\/\/www.xeniapalace.gr\/wp-content\/uploads\/2021\/04\/oros-768x614.jpg 768w\" data-sizes=\"(max-width: 1024px) 100vw, 1024px\" src=\"data:image\/svg+xml;base64,PHN2ZyB3aWR0aD0iMSIgaGVpZ2h0PSIxIiB4bWxucz0iaHR0cDovL3d3dy53My5vcmcvMjAwMC9zdmciPjwvc3ZnPg==\" style=\"--smush-placeholder-width: 1024px; --smush-placeholder-aspect-ratio: 1024\/818;\" \/><\/p>\n<p>&nbsp;Un centru ortodox spiritual, dateaza din 1054. Muntele Athos s-a bucurat de un statut autonom inca din timpurile bizantine. \u201eSf\u00e2ntul Munte\u201c, care este interzis femeilor \u0219i copiilor, este, de asemenea, un locas artistic recunoscut. Dispunerea m\u0103n\u0103stirilor a fost influen\u021bata de indepartata Rusie, \u0219i \u0219coala sa de pictur\u0103 a influen\u021bat istoria artei ortodoxe.<\/p>\n<p>Muntele Athos a fost locuit din cele mai vechi timpuri \u0219i este cunoscut pentru prezen\u021ba sa de aproape 1800 de ani si pentru lunga istorie a manastirii traditionale cre\u0219tine \u0219i tradi\u021biile sale istorice l care dateaz\u0103 cel pu\u021bin din anul 800 d.X. si epoca Bizantin\u0103. Ast\u0103zi, peste 2,000 c\u0103lug\u0103ri din Grecia \u0219i multe alte \u021b\u0103ri, inclusiv \u021b\u0103rile ortodoxe de Est, cum ar fi Rom\u00e2nia, Moldova, Georgia, Bulgaria, Serbia \u0219i Rusia, tr\u0103iesc o via\u021b\u0103 ascetica \u00een Athos, izolati de restul lumii. M\u0103n\u0103stirile athonite dispun de o bogat\u0103 colec\u021bie de artefacte bine conservate, c\u0103r\u021bi rare, documente antice, \u0219i opere de arta de valoare istoric\u0103 imens\u0103, \u0219i Muntele Athos a fost enumerat ca Patrimoniul mondial din anul 1988.<\/p>\n<p>De\u0219i Muntele Athos este interzis femeilor \u0219i copiilor, pute\u021bi face o croazier\u0103 \u00een jurul peninsulei Athos cu barca, din porturile Ierissos (47 km \u0219i 50 min conduce din Stavros) sau Ouranoupolis (62 km distan\u021b\u0103 \u0219i aproximativ o or\u0103 cu ma\u0219ina din Stavros).<\/p>\n<h2>Teatrul Antic din Philipi<\/h2>\n<p><img decoding=\"async\" class=\"aligncenter size-full wp-image-2241 lazyload\" data-src=\"https:\/\/www.xeniapalace.gr\/wp-content\/uploads\/2021\/04\/theatro.jpg\" alt=\"\" width=\"1024\" height=\"819\" data-srcset=\"https:\/\/www.xeniapalace.gr\/wp-content\/uploads\/2021\/04\/theatro.jpg 1024w, https:\/\/www.xeniapalace.gr\/wp-content\/uploads\/2021\/04\/theatro-300x240.jpg 300w, https:\/\/www.xeniapalace.gr\/wp-content\/uploads\/2021\/04\/theatro-768x614.jpg 768w\" data-sizes=\"(max-width: 1024px) 100vw, 1024px\" src=\"data:image\/svg+xml;base64,PHN2ZyB3aWR0aD0iMSIgaGVpZ2h0PSIxIiB4bWxucz0iaHR0cDovL3d3dy53My5vcmcvMjAwMC9zdmciPjwvc3ZnPg==\" style=\"--smush-placeholder-width: 1024px; --smush-placeholder-aspect-ratio: 1024\/819;\" \/><\/p>\n<p>Teatrul antic de la Philippi este un important \u0219i remarcabil monument. Acesta este situat la poalele acropolei \u0219i este sprijinit pe peretele estic al ora\u0219ului Filipi. Desi a suferit multe schimb\u0103ri pe parcursul secolelor \u0219i unele interven\u021bii, astfel \u00eenc\u00e2t s\u0103 poat\u0103 g\u0103zdui Festivalul Filipi, \u00eenc\u0103 mai p\u0103streaz\u0103 multe dintre elementele sale originale.<\/p>\n<p>Vizavi de teatrul antic Philippi sunt ruinele ora\u0219ului antic. Orasul antic si-a luat numele&nbsp; \u00een anul 356 i.X. dup\u0103 tat\u0103l lui Alexandru cel Mare, Philippos al II-lea.<\/p>\n<p>S\u0103p\u0103turile au adus la lumina ruine din epoca elenistic\u0103, romana, perioada bizantin\u0103 \u0219i paleocre\u0219tina. Octogonul, forul roman, bazilicile paleocrestine \u0219i p\u0103r\u021bi ale zidurilor ora\u0219ului, sunt unele dintre cele mai bine cunoscute.<\/p>\n<p><u>Festivalul Filipi<\/u><\/p>\n<p>Una dintre cele mai importante festivaluri din Grecia. Are loc \u00een fiecare var\u0103 pe site-ul teatrului antic Philippi \u0219i g\u0103zduie\u0219te diverse piese de teatru \u0219i spectacole muzicale.<\/p>\n<p>Teatrul antic se afl\u0103 la aproximativ 90 de km de Stavros \u0219i 60 de minunte de conducere.<\/p>\n<p>&nbsp;<\/p>\n","protected":false},"excerpt":{"rendered":"<p>Asezari turistice care merita vizitate in&nbsp; municipiul Volvi Ancient Stagira, Locul na\u0219terii lui Aristotel Stagira a fost un oras antic grecesc, situat \u00een centrul ora\u0219ului Macedonia, \u00een apropiere de coasta de est a peninsulei Halkidiki, \u0219i este \u00een principal cunoscut pentru a fi locul de na\u0219tere a lui Aristotel, care a fost un filosof grec [&hellip;]<\/p>\n","protected":false},"author":1,"featured_media":0,"parent":0,"menu_order":0,"comment_status":"closed","ping_status":"closed","template":"","meta":{"ngg_post_thumbnail":0,"footnotes":""},"class_list":["post-2223","page","type-page","status-publish","hentry"],"_links":{"self":[{"href":"https:\/\/www.xeniapalace.gr\/ro\/wp-json\/wp\/v2\/pages\/2223","targetHints":{"allow":["GET"]}}],"collection":[{"href":"https:\/\/www.xeniapalace.gr\/ro\/wp-json\/wp\/v2\/pages"}],"about":[{"href":"https:\/\/www.xeniapalace.gr\/ro\/wp-json\/wp\/v2\/types\/page"}],"author":[{"embeddable":true,"href":"https:\/\/www.xeniapalace.gr\/ro\/wp-json\/wp\/v2\/users\/1"}],"replies":[{"embeddable":true,"href":"https:\/\/www.xeniapalace.gr\/ro\/wp-json\/wp\/v2\/comments?post=2223"}],"version-history":[{"count":4,"href":"https:\/\/www.xeniapalace.gr\/ro\/wp-json\/wp\/v2\/pages\/2223\/revisions"}],"predecessor-version":[{"id":2754,"href":"https:\/\/www.xeniapalace.gr\/ro\/wp-json\/wp\/v2\/pages\/2223\/revisions\/2754"}],"wp:attachment":[{"href":"https:\/\/www.xeniapalace.gr\/ro\/wp-json\/wp\/v2\/media?parent=2223"}],"curies":[{"name":"wp","href":"https:\/\/api.w.org\/{rel}","templated":true}]}}