{"id":2282,"date":"2021-05-01T15:51:41","date_gmt":"2021-05-01T13:51:41","guid":{"rendered":"https:\/\/www.xeniapalace.gr\/acasa\/"},"modified":"2021-08-20T12:55:12","modified_gmt":"2021-08-20T10:55:12","slug":"acasa","status":"publish","type":"page","link":"https:\/\/www.xeniapalace.gr\/ro\/","title":{"rendered":"Acas\u0103"},"content":{"rendered":"<p>[vc_row shadow_x_offset=&#8221;0&#8243; shadow_y_offset=&#8221;0&#8243; shadow_blur=&#8221;0&#8243; shadow_spread=&#8221;0&#8243; shadow_color=&#8221;&#8221; css=&#8221;.vc_custom_1541590609387{margin-top: -20px !important;}&#8221; el_class=&#8221;overlap&#8221;][vc_column shadow_x_offset=&#8221;0&#8243; shadow_y_offset=&#8221;0&#8243; shadow_blur=&#8221;0&#8243; shadow_spread=&#8221;0&#8243; shadow_color=&#8221;&#8221; css=&#8221;.vc_custom_1541393368910{margin-top: -40px !important;}&#8221;][rev_slider_vc alias=&#8221;motel_slider1&#8243;][vc_row_inner el_class=&#8221;overlap&#8221;][vc_column_inner shadow_x_offset=&#8221;0&#8243; shadow_y_offset=&#8221;0&#8243; shadow_blur=&#8221;0&#8243; shadow_spread=&#8221;0&#8243; shadow_color=&#8221;&#8221; css=&#8221;.vc_custom_1541735920252{margin-top: -150px !important;}&#8221;][stm_spacer height_tablet=&#8221;150&#8243; height_mobile=&#8221;150&#8243;][stm_wp_hotelier_form title=&#8221;&#8221; style=&#8221;style_4&#8243;][\/vc_column_inner][\/vc_row_inner][\/vc_column][\/vc_row][vc_row full_width=&#8221;stretch_row&#8221; shadow_x_offset=&#8221;0&#8243; shadow_y_offset=&#8221;0&#8243; shadow_blur=&#8221;0&#8243; shadow_spread=&#8221;0&#8243; shadow_color=&#8221;&#8221; css=&#8221;.vc_custom_1542090342622{padding-top: 80px !important;padding-bottom: 80px !important;background-color: #f5f5f5 !important;}&#8221;][vc_column css_animation=&#8221;none&#8221; shadow_x_offset=&#8221;0&#8243; shadow_y_offset=&#8221;0&#8243; shadow_blur=&#8221;0&#8243; shadow_spread=&#8221;0&#8243; offset=&#8221;vc_col-lg-4 vc_col-md-4&#8243;][stm_icon_box icon=&#8221;stmicon-hotel-internet&#8221; icon_class=&#8221;ttc&#8221; icon_size=&#8221;60&#8243; icon_height=&#8221;80&#8243; icon_width=&#8221;85&#8243; min_height=&#8221;220&#8243; flip=&#8221;&#8221; flip_title_color=&#8221;&#8221; flip_content_color=&#8221;&#8221; title=&#8221;WiFi gratuit&#8221; title_fsz=&#8221;24&#8243; flip_title=&#8221;&#8221; flip_content=&#8221;&#8221; css=&#8221;.vc_custom_1609274526430{padding-right: 20px !important;}&#8221;]Credem c\u0103 atunci c\u00e2nd un hotel face publicitate WiFi gratuit, acesta ar trebui s\u0103 ofere c\u0103l\u0103torilor o conexiune rapid\u0103 \u0219i fiabil\u0103.[\/stm_icon_box][stm_spacer height=&#8221;0&#8243; height_tablet=&#8221;20&#8243; height_mobile=&#8221;35&#8243;][\/vc_column][vc_column css_animation=&#8221;none&#8221; shadow_x_offset=&#8221;0&#8243; shadow_y_offset=&#8221;0&#8243; shadow_blur=&#8221;0&#8243; shadow_spread=&#8221;0&#8243; offset=&#8221;vc_col-lg-4 vc_col-md-4&#8243;][stm_icon_box icon=&#8221;stmicon-hotel-parking&#8221; icon_class=&#8221;ttc&#8221; icon_height=&#8221;80&#8243; icon_width=&#8221;85&#8243; min_height=&#8221;220&#8243; flip=&#8221;&#8221; flip_title_color=&#8221;&#8221; flip_content_color=&#8221;&#8221; title=&#8221;Parcare liber\u0103&#8221; title_fsz=&#8221;24&#8243; flip_title=&#8221;&#8221; flip_content=&#8221;&#8221; css=&#8221;.vc_custom_1607597231168{padding-right: 20px !important;}&#8221;]Parcare gratuit\u0103, nu este necesar\u0103 rezervare.[\/stm_icon_box][stm_spacer height=&#8221;0&#8243; height_tablet=&#8221;20&#8243; height_mobile=&#8221;35&#8243;][\/vc_column][vc_column css_animation=&#8221;none&#8221; shadow_x_offset=&#8221;0&#8243; shadow_y_offset=&#8221;0&#8243; shadow_blur=&#8221;0&#8243; shadow_spread=&#8221;0&#8243; shadow_color=&#8221;&#8221; offset=&#8221;vc_col-lg-4 vc_col-md-4&#8243;][stm_icon_box icon=&#8221;stmicon-bed2&#8243; icon_class=&#8221;ttc&#8221; icon_size=&#8221;55&#8243; icon_height=&#8221;80&#8243; icon_width=&#8221;85&#8243; min_height=&#8221;220&#8243; flip=&#8221;&#8221; flip_title_color=&#8221;&#8221; flip_content_color=&#8221;&#8221; title=&#8221;Servicii&#8221; title_fsz=&#8221;24&#8243; flip_title=&#8221;&#8221; flip_content=&#8221;&#8221; css=&#8221;.vc_custom_1607597821889{padding-right: 20px !important;}&#8221;]Lenjerie de pat, aer condi\u021bionat, buc\u0103t\u0103rie, frigider, TV prin satelit, balcon, mas\u0103 \u00een aer liber[\/stm_icon_box][\/vc_column][\/vc_row][vc_row][vc_column][stm_spacer height=&#8221;0&#8243; height_laptop=&#8221;80&#8243; height_tablet=&#8221;40&#8243; height_mobile=&#8221;10&#8243;][vc_row_inner][vc_column_inner shadow_x_offset=&#8221;0&#8243; shadow_y_offset=&#8221;0&#8243; shadow_blur=&#8221;0&#8243; shadow_spread=&#8221;0&#8243; shadow_color=&#8221;&#8221; offset=&#8221;vc_col-lg-offset-1 vc_col-lg-10 vc_col-md-offset-1 vc_col-md-10 vc_col-xs-12&#8243;][vc_custom_heading text=&#8221;Camere&#8221; font_container=&#8221;tag:h6|font_size:140|text_align:center|color:%23e8d0b8&#8243; google_fonts=&#8221;font_family:Herr%20Von%20Muellerhoff%3Aregular|font_style:400%20regular%3A400%3Anormal&#8221;][vc_custom_heading text=&#8221;Camere&#8221; font_container=&#8221;tag:h3|font_size:48|text_align:center&#8221; google_fonts=&#8221;font_family:Roboto%3A100%2C100italic%2C300%2C300italic%2Cregular%2Citalic%2C500%2C500italic%2C700%2C700italic%2C900%2C900italic|font_style:700%20bold%20regular%3A700%3Anormal&#8221; link=&#8221;url:https%3A%2F%2Fwww.xeniapalace.gr%2Fro%2Fcamere%2F|title:Camere|&#8221;][stm_wp_hotelier_selective_rooms_carousel per_row=&#8221;3&#8243;][\/vc_column_inner][\/vc_row_inner][stm_spacer height=&#8221;20&#8243; height_laptop=&#8221;20&#8243; height_tablet=&#8221;10&#8243; height_mobile=&#8221;10&#8243;][\/vc_column][\/vc_row][vc_row full_width=&#8221;stretch_row&#8221; stm_parallax=&#8221;enable&#8221; shadow_x_offset=&#8221;0&#8243; shadow_y_offset=&#8221;0&#8243; shadow_blur=&#8221;0&#8243; shadow_spread=&#8221;0&#8243; shadow_color=&#8221;&#8221; css=&#8221;.vc_custom_1608034325736{margin-top: 40px !important;background-image: url(https:\/\/www.xeniapalace.gr\/wp-content\/uploads\/2020\/12\/paralia-kentriki2.jpg?id=1207) !important;}&#8221; stm_transparent_bg=&#8221;rgba(17,17,17,0.5)&#8221;][vc_column shadow_x_offset=&#8221;0&#8243; shadow_y_offset=&#8221;0&#8243; shadow_blur=&#8221;0&#8243; shadow_spread=&#8221;0&#8243; shadow_color=&#8221;&#8221; css=&#8221;.vc_custom_1541501496852{padding-top: 10px !important;padding-bottom: 10px !important;}&#8221;][stm_spacer height=&#8221;180&#8243; height_tablet=&#8221;120&#8243; height_mobile=&#8221;70&#8243;][vc_custom_heading text=&#8221;Rezerva acum!&#8221; font_container=&#8221;tag:h4|font_size:72|text_align:center|color:%23ffffff|line_height:80px&#8221; use_theme_fonts=&#8221;yes&#8221; link=&#8221;url:https%3A%2F%2Fwww.xeniapalace.gr%2Fro%2Fcamere%2F|&#8221;][stm_button button_pos=&#8221;center&#8221; button_border_color_hover=&#8221;#b55b02&#8243; link=&#8221;url:https%3A%2F%2Fwww.xeniapalace.gr%2Frooms-list%2F|title:Rezervare&#8221;][stm_spacer height=&#8221;160&#8243; height_tablet=&#8221;130&#8243; height_mobile=&#8221;70&#8243;][\/vc_column][\/vc_row][vc_row][vc_column width=&#8221;1\/3&#8243;][stm_spacer height=&#8221;200&#8243;][vc_custom_heading text=&#8221;Bine ati venit&#8221; font_container=&#8221;tag:h6|font_size:140|text_align:left|color:%23e8d0b8&#8243; google_fonts=&#8221;font_family:Herr%20Von%20Muellerhoff%3Aregular|font_style:400%20regular%3A400%3Anormal&#8221;][vc_custom_heading text=&#8221;Bucura\u021bi-v\u0103 de \u0219ederea dumneavoastr\u0103 la Xenia Palace&#8221; font_container=&#8221;tag:h3|font_size:38|text_align:left&#8221; google_fonts=&#8221;font_family:Roboto%3A100%2C100italic%2C300%2C300italic%2Cregular%2Citalic%2C500%2C500italic%2C700%2C700italic%2C900%2C900italic|font_style:700%20bold%20regular%3A700%3Anormal&#8221;][\/vc_column][vc_column width=&#8221;1\/3&#8243;][stm_spacer height=&#8221;50&#8243;][vc_column_text]Bine a\u021bi venit la Xenia Palace, \u00eentr-un mediu minunat din Nea Vrasna, unde v\u0103 pute\u021bi bucura de var\u0103 si de&nbsp;<br \/>\nvacanta dvs.<\/p>\n<p>La doar 100 m de mare, la 100 m de centrul ora\u0219ului Nea Vrasna \u0219i la 2 minute de intersec\u021bia Vrasna<br \/>\ndin Egnatia Odos, Xenia Palace v\u0103 ofer\u0103 un set de servicii care \u00eei vor satisface chiar \u0219i pe cei mai preten\u021bio\u0219i<br \/>\nvizitatori.<\/p>\n<p>Este situat la o arunc\u0103tur\u0103 de b\u0103\u021b de strada pietonal\u0103 a plajei, cu o mul\u021bime de taverne, cafenele, baruri \u0219i o<br \/>\npia\u021b\u0103 bogat\u0103 care se \u00eentinde de la Nea Vrasna la Asprovalta.[\/vc_column_text][\/vc_column][vc_column width=&#8221;1\/3&#8243;][stm_spacer height=&#8221;50&#8243;][vc_column_text]La 100 de metri exist\u0103 un loc de joac\u0103, parcuri pietonale \u0219i un parc de distrac\u021bi pentru ca cei mici s\u0103 se distreze.<\/p>\n<p>\u0218i, desigur, plaja complet organizat\u0103 cu salvamari, sporturi nautice, nisip \u0219i<br \/>\n\u0219ezlonguri gratuite, v\u0103 vor g\u0103zdui 24 de ore pe zi cu diferite reprezent\u0103ri ale soarelui, lunii \u0219i bine\u00een\u021beles a<br \/>\nmarii albastru-verzui.<\/p>\n<p>Relaxarea pe care ar trebui s\u0103 o ob\u021bine\u021bi din vacan\u021b\u0103, este preocuparea responsabililor de la Xenia Palace !!![\/vc_column_text][\/vc_column][\/vc_row][vc_row shadow_x_offset=&#8221;0&#8243; shadow_y_offset=&#8221;0&#8243; shadow_blur=&#8221;0&#8243; shadow_spread=&#8221;0&#8243; shadow_color=&#8221;&#8221; css=&#8221;.vc_custom_1541996546532{margin-top: 40px !important;}&#8221;][vc_column shadow_x_offset=&#8221;0&#8243; shadow_y_offset=&#8221;0&#8243; shadow_blur=&#8221;0&#8243; shadow_spread=&#8221;0&#8243; shadow_color=&#8221;&#8221; css=&#8221;.vc_custom_1541501496852{padding-top: 10px !important;padding-bottom: 10px !important;}&#8221;][stm_cta button_color=&#8221;secondary&#8221; button_icon_pos=&#8221;&#8221; link=&#8221;url:https%3A%2F%2Fwww.xeniapalace.gr%2Frooms-list%2F|title:DISPONIBILITATE&#8221; css=&#8221;.vc_custom_1629456900423{border-top-width: 1px !important;border-right-width: 1px !important;border-bottom-width: 1px !important;border-left-width: 1px !important;border-left-color: #cccccc !important;border-left-style: solid !important;border-right-color: #cccccc !important;border-right-style: solid !important;border-top-color: #cccccc !important;border-top-style: solid !important;border-bottom-color: #cccccc !important;border-bottom-style: solid !important;border-radius: 5px !important;}&#8221; phone=&#8221;(+30) 6977708807&#8243; email=&#8221;Info@xeniapalace.gr&#8221;]<\/p>\n<h3>Rezervare directa:<\/h3>\n<p>[\/stm_cta][\/vc_column][\/vc_row]<\/p>\n","protected":false},"excerpt":{"rendered":"<p>[vc_row shadow_x_offset=&#8221;0&#8243; shadow_y_offset=&#8221;0&#8243; shadow_blur=&#8221;0&#8243; shadow_spread=&#8221;0&#8243; shadow_color=&#8221;&#8221; css=&#8221;.vc_custom_1541590609387{margin-top: -20px !important;}&#8221; el_class=&#8221;overlap&#8221;][vc_column shadow_x_offset=&#8221;0&#8243; shadow_y_offset=&#8221;0&#8243; shadow_blur=&#8221;0&#8243; shadow_spread=&#8221;0&#8243; shadow_color=&#8221;&#8221; css=&#8221;.vc_custom_1541393368910{margin-top: -40px !important;}&#8221;][rev_slider_vc alias=&#8221;motel_slider1&#8243;][vc_row_inner el_class=&#8221;overlap&#8221;][vc_column_inner shadow_x_offset=&#8221;0&#8243; shadow_y_offset=&#8221;0&#8243; shadow_blur=&#8221;0&#8243; shadow_spread=&#8221;0&#8243; shadow_color=&#8221;&#8221; css=&#8221;.vc_custom_1541735920252{margin-top: -150px !important;}&#8221;][stm_spacer height_tablet=&#8221;150&#8243; height_mobile=&#8221;150&#8243;][stm_wp_hotelier_form title=&#8221;&#8221; style=&#8221;style_4&#8243;][\/vc_column_inner][\/vc_row_inner][\/vc_column][\/vc_row][vc_row full_width=&#8221;stretch_row&#8221; shadow_x_offset=&#8221;0&#8243; shadow_y_offset=&#8221;0&#8243; shadow_blur=&#8221;0&#8243; shadow_spread=&#8221;0&#8243; shadow_color=&#8221;&#8221; css=&#8221;.vc_custom_1542090342622{padding-top: 80px !important;padding-bottom: 80px !important;background-color: #f5f5f5 !important;}&#8221;][vc_column css_animation=&#8221;none&#8221; shadow_x_offset=&#8221;0&#8243; shadow_y_offset=&#8221;0&#8243; shadow_blur=&#8221;0&#8243; shadow_spread=&#8221;0&#8243; offset=&#8221;vc_col-lg-4 vc_col-md-4&#8243;][stm_icon_box icon=&#8221;stmicon-hotel-internet&#8221; icon_class=&#8221;ttc&#8221; icon_size=&#8221;60&#8243; [&hellip;]<\/p>\n","protected":false},"author":1,"featured_media":0,"parent":0,"menu_order":1,"comment_status":"closed","ping_status":"closed","template":"","meta":{"ngg_post_thumbnail":0,"footnotes":""},"class_list":["post-2282","page","type-page","status-publish","hentry"],"_links":{"self":[{"href":"https:\/\/www.xeniapalace.gr\/ro\/wp-json\/wp\/v2\/pages\/2282","targetHints":{"allow":["GET"]}}],"collection":[{"href":"https:\/\/www.xeniapalace.gr\/ro\/wp-json\/wp\/v2\/pages"}],"about":[{"href":"https:\/\/www.xeniapalace.gr\/ro\/wp-json\/wp\/v2\/types\/page"}],"author":[{"embeddable":true,"href":"https:\/\/www.xeniapalace.gr\/ro\/wp-json\/wp\/v2\/users\/1"}],"replies":[{"embeddable":true,"href":"https:\/\/www.xeniapalace.gr\/ro\/wp-json\/wp\/v2\/comments?post=2282"}],"version-history":[{"count":8,"href":"https:\/\/www.xeniapalace.gr\/ro\/wp-json\/wp\/v2\/pages\/2282\/revisions"}],"predecessor-version":[{"id":2840,"href":"https:\/\/www.xeniapalace.gr\/ro\/wp-json\/wp\/v2\/pages\/2282\/revisions\/2840"}],"wp:attachment":[{"href":"https:\/\/www.xeniapalace.gr\/ro\/wp-json\/wp\/v2\/media?parent=2282"}],"curies":[{"name":"wp","href":"https:\/\/api.w.org\/{rel}","templated":true}]}}