{"id":2309,"date":"2021-05-01T19:18:29","date_gmt":"2021-05-01T17:18:29","guid":{"rendered":"https:\/\/www.xeniapalace.gr\/camere\/"},"modified":"2021-08-22T10:56:47","modified_gmt":"2021-08-22T08:56:47","slug":"camere","status":"publish","type":"page","link":"https:\/\/www.xeniapalace.gr\/ro\/camere\/","title":{"rendered":"Camere"},"content":{"rendered":"<p>[vc_row][vc_column width=&#8221;1\/4&#8243; shadow_x_offset=&#8221;0&#8243; shadow_y_offset=&#8221;0&#8243; shadow_blur=&#8221;0&#8243; shadow_spread=&#8221;0&#8243; offset=&#8221;vc_col-lg-4 vc_col-md-4&#8243;][vc_column_text]<\/p>\n<div class=\"elementor-element elementor-element-379c2f elementor-widget elementor-widget-heading\" data-id=\"379c2f\" data-element_type=\"widget\" data-widget_type=\"heading.default\">\n<div class=\"elementor-widget-container\">\n<p><span style=\"font-family: verdana, geneva, sans-serif; font-size: 14pt;\"><strong>Informa\u021bii &#8211; Instruc\u021biuni<\/strong><\/span><\/p>\n<p><span style=\"font-family: verdana, geneva, sans-serif;\">Pre\u021burile depind de tipul camerei \u0219i de data rezerv\u0103rii. V\u0103 rug\u0103m s\u0103 selecta\u021bi mai \u00eent\u00e2i o dat\u0103 de rezervare \u0219i apoi una dintre camerele noastre pentru a vedea pre\u021bul \u0219i pentru a continua rezervarea. Pute\u021bi vedea, de asemenea, pre\u021burile detaliate ale camerelor <a href=\"https:\/\/www.xeniapalace.gr\/ro\/?page_id=1168\" target=\"_blank\" rel=\"noopener\">AICI<\/a>.<\/span><\/p>\n<p><span style=\"font-family: verdana, geneva, sans-serif;\">Pre\u021bul include 13% TVA, 0,5% impozit municipal \u0219i 0,50 \u20ac tax\u0103 de stat pe noapte.<\/span><\/p>\n<\/div>\n<\/div>\n<p>[\/vc_column_text][stm_contact name=&#8221;Pentru rezervare imediat\u0103&#8221; image=&#8221;1108&#8243; image_size=&#8221;250\u03c7250&#8243; job=&#8221;Xenia Palace&#8221; phone=&#8221;(+30) 6977708807&#8243; email=&#8221;Info@xeniapalace.gr&#8221; skype=&#8221;Nea Vrasna, Salonic \u03a4.\u039a. 57021&#8243;][\/vc_column][vc_column width=&#8221;3\/4&#8243; shadow_x_offset=&#8221;0&#8243; shadow_y_offset=&#8221;0&#8243; shadow_blur=&#8221;0&#8243; shadow_spread=&#8221;0&#8243; shadow_color=&#8221;&#8221; el_class=&#8221;sm_pr_15 sm_pl_15&#8243; css=&#8221;.vc_custom_1542084924468{padding-right: 30px !important;}&#8221; offset=&#8221;vc_col-lg-8 vc_col-md-8&#8243;][vc_column_text]<span style=\"font-size: 14pt; font-family: verdana, geneva, sans-serif;\"><strong>V\u0103 rug\u0103m s\u0103 selecta\u021bi mai \u00eent\u00e2i o dat\u0103 de rezervare \u0219i apoi una dintre camerele noastre pentru a continua rezervarea.<\/strong><\/span>[\/vc_column_text][vc_column_text]<div class=\"hotelier\">\n    \n<form name=\"hotelier_datepicker\" method=\"post\" id=\"hotelier-datepicker\" class=\"datepicker-form\"\n      action=\"https:\/\/www.xeniapalace.gr\/rooms-list\/\" enctype=\"multipart\/form-data\">\n\n    <span class=\"datepicker-input-select-wrapper\"><input class=\"datepicker-input-select\" type=\"text\"\n                                                         id=\"hotelier-datepicker-select\" value=\"\"><\/span>\n    <input type=\"text\" id=\"hotelier-datepicker-checkin\" class=\"datepicker-input datepicker-input--checkin\"\n           name=\"checkin\" value=\"2026-04-24\">\n    <input type=\"text\" id=\"hotelier-datepicker-checkout\" class=\"datepicker-input datepicker-input--checkout\"\n           name=\"checkout\" value=\"2026-04-25\">\n\n    \n\n    <p class=\"selected-nights\">1-noapte<\/p>\n\n\n    <button type=\"submit\" class=\"btn btn_solid btn_primary btn_icon-right button button--datepicker\" name=\"hotelier_datepicker_button\" id=\"datepicker-button\" ><i class=\"btn__icon stmicon-keyboard_arrow_right\"><\/i>verifica tarifele<\/button><\/form>\n\n\n    <form name=\"room_list\" method=\"post\" id=\"form--listing\" class=\"form--listing listing\" enctype=\"multipart\/form-data\">\n\n        \n        \n        <div class=\"stm_wp_hotelier_rooms_list_style_1\">\n\t<div class=\"stm-rooms-list\">\n        \n        \n            \n                            <div class=\"room\">\n                <div class=\"inner\">\n                    <div class=\"room__image\">\n                        <a href=\"https:\/\/www.xeniapalace.gr\/ro\/rooms\/apartament-standard\/\">\n\t\t\t\t\t\t\t<img decoding=\"async\" data-srcset=\"https:\/\/www.xeniapalace.gr\/wp-content\/uploads\/2018\/08\/xenia-740x420.jpg 2x\" data-src=\"https:\/\/www.xeniapalace.gr\/wp-content\/uploads\/2018\/08\/xenia-370x210.jpg\" width=\"370\" height=\"210\" alt=\"xenia\" title=\"xenia\" src=\"data:image\/svg+xml;base64,PHN2ZyB3aWR0aD0iMSIgaGVpZ2h0PSIxIiB4bWxucz0iaHR0cDovL3d3dy53My5vcmcvMjAwMC9zdmciPjwvc3ZnPg==\" class=\"lazyload\" style=\"--smush-placeholder-width: 370px; --smush-placeholder-aspect-ratio: 370\/210;\" \/>                            <div class=\"room__price mbc heading_font\">\n                                <span>0.00&euro;<\/span>                            <\/div>\n                        <\/a>\n                    <\/div>\n\n                    <div class=\"room__content\">\n                        <div class=\"room__title\">\n                            <h3>\n                                <a class=\"ttc no_deco mtc_h\" href=\"https:\/\/www.xeniapalace.gr\/ro\/rooms\/apartament-standard\/\">\n\t\t\t\t\t\t\t\t\tApartament standard                                <\/a>\n                            <\/h3>\n                        <\/div>\n                        <div class=\"room__excerpt\">\n\t\t\t\t\t\t\tCamer\u0103 cu balcon                        <\/div>\n\n\t\t\t\t\t\t\n\n<div class=\"room_info\">\n\t\t\t\t\t\t<div class=\"room_info__single\">\n\t\t\t\t<i class=\"mtc stmicon-guest\"><\/i>\n\t\t\t\t<span class=\"ttc heading_font_family\">2<\/span>\n\t\t\t<\/div>\n\t\t\t\t\t\t\t\t<div class=\"room_info__single\">\n\t\t\t\t<i class=\"mtc stmicon-nipple\"><\/i>\n\t\t\t\t<span class=\"ttc heading_font_family\">1<\/span>\n\t\t\t<\/div>\n\t\t\t\t\t\t\t\t\t\t\t<div class=\"room_info__single\">\n\t\t\t\t<i class=\"mtc stmicon-ruler\"><\/i>\n\t\t\t\t<span class=\"ttc heading_font_family\">35<\/span>\n\t\t\t<\/div>\n\t\t\t<\/div>\n\n                    <\/div>\n                <\/div>\n            <\/div>\n\t\t\t\n            \n                            <div class=\"room\">\n                <div class=\"inner\">\n                    <div class=\"room__image\">\n                        <a href=\"https:\/\/www.xeniapalace.gr\/ro\/rooms\/apartament-studio\/\">\n\t\t\t\t\t\t\t                            <div class=\"room__price mbc heading_font\">\n                                <span>0.00&euro;<\/span>                            <\/div>\n                        <\/a>\n                    <\/div>\n\n                    <div class=\"room__content\">\n                        <div class=\"room__title\">\n                            <h3>\n                                <a class=\"ttc no_deco mtc_h\" href=\"https:\/\/www.xeniapalace.gr\/ro\/rooms\/apartament-studio\/\">\n\t\t\t\t\t\t\t\t\tApartament studio                                <\/a>\n                            <\/h3>\n                        <\/div>\n                        <div class=\"room__excerpt\">\n\t\t\t\t\t\t\tCamer\u0103 cu balcon                        <\/div>\n\n\t\t\t\t\t\t\n\n<div class=\"room_info\">\n\t\t\t\t\t\t<div class=\"room_info__single\">\n\t\t\t\t<i class=\"mtc stmicon-guest\"><\/i>\n\t\t\t\t<span class=\"ttc heading_font_family\">2<\/span>\n\t\t\t<\/div>\n\t\t\t\t\t\t\t\t\t\t\t\t\t\t<div class=\"room_info__single\">\n\t\t\t\t<i class=\"mtc stmicon-ruler\"><\/i>\n\t\t\t\t<span class=\"ttc heading_font_family\">25<\/span>\n\t\t\t<\/div>\n\t\t\t<\/div>\n\n                    <\/div>\n                <\/div>\n            <\/div>\n\t\t\t\n            \n                            <div class=\"room\">\n                <div class=\"inner\">\n                    <div class=\"room__image\">\n                        <a href=\"https:\/\/www.xeniapalace.gr\/ro\/rooms\/camera-de-familie-standard\/\">\n\t\t\t\t\t\t\t<img decoding=\"async\" data-srcset=\"https:\/\/www.xeniapalace.gr\/wp-content\/uploads\/2018\/08\/famili-740x420.jpg 2x\" data-src=\"https:\/\/www.xeniapalace.gr\/wp-content\/uploads\/2018\/08\/famili-370x210.jpg\" width=\"370\" height=\"210\" alt=\"famili\" title=\"famili\" src=\"data:image\/svg+xml;base64,PHN2ZyB3aWR0aD0iMSIgaGVpZ2h0PSIxIiB4bWxucz0iaHR0cDovL3d3dy53My5vcmcvMjAwMC9zdmciPjwvc3ZnPg==\" class=\"lazyload\" style=\"--smush-placeholder-width: 370px; --smush-placeholder-aspect-ratio: 370\/210;\" \/>                            <div class=\"room__price mbc heading_font\">\n                                <span>0.00&euro;<\/span>                            <\/div>\n                        <\/a>\n                    <\/div>\n\n                    <div class=\"room__content\">\n                        <div class=\"room__title\">\n                            <h3>\n                                <a class=\"ttc no_deco mtc_h\" href=\"https:\/\/www.xeniapalace.gr\/ro\/rooms\/camera-de-familie-standard\/\">\n\t\t\t\t\t\t\t\t\tCamer\u0103 de familie standard                                <\/a>\n                            <\/h3>\n                        <\/div>\n                        <div class=\"room__excerpt\">\n\t\t\t\t\t\t\tCamer\u0103 cu balcon                        <\/div>\n\n\t\t\t\t\t\t\n\n<div class=\"room_info\">\n\t\t\t\t\t\t<div class=\"room_info__single\">\n\t\t\t\t<i class=\"mtc stmicon-guest\"><\/i>\n\t\t\t\t<span class=\"ttc heading_font_family\">5<\/span>\n\t\t\t<\/div>\n\t\t\t\t\t\t\t\t\t\t\t\t\t\t<div class=\"room_info__single\">\n\t\t\t\t<i class=\"mtc stmicon-ruler\"><\/i>\n\t\t\t\t<span class=\"ttc heading_font_family\">45<\/span>\n\t\t\t<\/div>\n\t\t\t<\/div>\n\n                    <\/div>\n                <\/div>\n            <\/div>\n\t\t\t\n            \n        \n            <\/div>\n<\/div>\n        \n        \n<div id=\"reserve-rooms-button\">\n\n<!--    --><!---->\n<!--    --><!---->\n<!--    --><!---->\n<!--    -->\n<\/div>\n\n        \n    <\/form>\n\n\n<\/div>[\/vc_column_text][\/vc_column][\/vc_row][vc_row][vc_column][\/vc_column][\/vc_row]<\/p>\n","protected":false},"excerpt":{"rendered":"<p>[vc_row][vc_column width=&#8221;1\/4&#8243; shadow_x_offset=&#8221;0&#8243; shadow_y_offset=&#8221;0&#8243; shadow_blur=&#8221;0&#8243; shadow_spread=&#8221;0&#8243; offset=&#8221;vc_col-lg-4 vc_col-md-4&#8243;][vc_column_text] Informa\u021bii &#8211; Instruc\u021biuni Pre\u021burile depind de tipul camerei \u0219i de data rezerv\u0103rii. V\u0103 rug\u0103m s\u0103 selecta\u021bi mai \u00eent\u00e2i o dat\u0103 de rezervare \u0219i apoi una dintre camerele noastre pentru a vedea pre\u021bul \u0219i pentru a continua rezervarea. Pute\u021bi vedea, de asemenea, pre\u021burile detaliate ale camerelor AICI. Pre\u021bul [&hellip;]<\/p>\n","protected":false},"author":1,"featured_media":0,"parent":0,"menu_order":2,"comment_status":"closed","ping_status":"closed","template":"","meta":{"ngg_post_thumbnail":0,"footnotes":""},"class_list":["post-2309","page","type-page","status-publish","hentry"],"_links":{"self":[{"href":"https:\/\/www.xeniapalace.gr\/ro\/wp-json\/wp\/v2\/pages\/2309","targetHints":{"allow":["GET"]}}],"collection":[{"href":"https:\/\/www.xeniapalace.gr\/ro\/wp-json\/wp\/v2\/pages"}],"about":[{"href":"https:\/\/www.xeniapalace.gr\/ro\/wp-json\/wp\/v2\/types\/page"}],"author":[{"embeddable":true,"href":"https:\/\/www.xeniapalace.gr\/ro\/wp-json\/wp\/v2\/users\/1"}],"replies":[{"embeddable":true,"href":"https:\/\/www.xeniapalace.gr\/ro\/wp-json\/wp\/v2\/comments?post=2309"}],"version-history":[{"count":5,"href":"https:\/\/www.xeniapalace.gr\/ro\/wp-json\/wp\/v2\/pages\/2309\/revisions"}],"predecessor-version":[{"id":2843,"href":"https:\/\/www.xeniapalace.gr\/ro\/wp-json\/wp\/v2\/pages\/2309\/revisions\/2843"}],"wp:attachment":[{"href":"https:\/\/www.xeniapalace.gr\/ro\/wp-json\/wp\/v2\/media?parent=2309"}],"curies":[{"name":"wp","href":"https:\/\/api.w.org\/{rel}","templated":true}]}}