{"id":2338,"date":"2021-05-02T11:09:17","date_gmt":"2021-05-02T09:09:17","guid":{"rendered":"https:\/\/www.xeniapalace.gr\/a-lua-legatura\/"},"modified":"2021-07-09T12:27:59","modified_gmt":"2021-07-09T10:27:59","slug":"a-lua-legatura","status":"publish","type":"page","link":"https:\/\/www.xeniapalace.gr\/ro\/a-lua-legatura\/","title":{"rendered":"Contact"},"content":{"rendered":"<p>[vc_section css=&#8221;.vc_custom_1537953987339{padding-top: 0px !important;}&#8221;][vc_row shadow_x_offset=&#8221;0&#8243; shadow_y_offset=&#8221;0&#8243; shadow_blur=&#8221;0&#8243; shadow_spread=&#8221;0&#8243; shadow_color=&#8221;&#8221; css=&#8221;.vc_custom_1531906799465{padding-top: 20px !important;}&#8221;][vc_column width=&#8221;1\/2&#8243; shadow_x_offset=&#8221;0&#8243; shadow_y_offset=&#8221;0&#8243; shadow_blur=&#8221;0&#8243; shadow_spread=&#8221;0&#8243; offset=&#8221;vc_col-lg-8 vc_col-md-8 vc_col-xs-12&#8243;][vc_custom_heading text=&#8221;Vom fi bucuro\u0219i s\u0103 primim mesajul dvs.&#8221; font_container=&#8221;tag:h4|text_align:left&#8221; google_fonts=&#8221;font_family:Roboto%3A100%2C100italic%2C300%2C300italic%2Cregular%2Citalic%2C500%2C500italic%2C700%2C700italic%2C900%2C900italic|font_style:500%20bold%20regular%3A500%3Anormal&#8221;][vc_column_text]Pentru a afla mai multe despre ofertele noastre de servicii sau pentru a ne contacta direct, v\u0103 rug\u0103m s\u0103 completa\u021bi formularul de contact de mai jos, s\u0103 ne suna\u021bi telefonic sau s\u0103 ne trimite\u021bi un e-mail.[\/vc_column_text][\/vc_column][vc_column width=&#8221;1\/2&#8243; shadow_x_offset=&#8221;0&#8243; shadow_y_offset=&#8221;0&#8243; shadow_blur=&#8221;0&#8243; shadow_spread=&#8221;0&#8243; offset=&#8221;vc_col-lg-4 vc_col-md-4 vc_col-xs-12&#8243;][stm_contact name=&#8221;Alexia Papagera&#8221; image=&#8221;1078&#8243; image_size=&#8221;80&#215;80&#8243; job=&#8221;ADMINISTRATOR&#8221; telefon=&#8221;(+30) 6977708807&#8243; email=&#8221;Info@xeniapalace.gr&#8221;][\/vc_column][\/vc_row][vc_row full_width=&#8221;stretch_row&#8221; equal_height=&#8221;yes&#8221; content_placement=&#8221;middle&#8221; shadow_x_offset=&#8221;0&#8243; shadow_y_offset=&#8221;0&#8243; shadow_blur=&#8221;0&#8243; shadow_spread=&#8221;0&#8243; shadow_color=&#8221;&#8221; css=&#8221;.vc_custom_1538134741352{margin-top: 40px !important;margin-bottom: 40px !important;background-color: #f3eee5 !important;}&#8221;][vc_column width=&#8221;1\/2&#8243; shadow_x_offset=&#8221;0&#8243; shadow_y_offset=&#8221;0&#8243; shadow_blur=&#8221;0&#8243; shadow_spread=&#8221;0&#8243; shadow_color=&#8221;&#8221; css=&#8221;.vc_custom_1538133673472{padding-top: 0px !important;padding-right: 50px !important;padding-bottom: 0px !important;}&#8221; offset=&#8221;vc_col-lg-4 vc_col-md-4 vc_col-xs-12&#8243;][stm_spacer height=&#8221;30&#8243; height_tablet=&#8221;30&#8243; height_mobile=&#8221;30&#8243;][vc_column_text]<br \/>\nContacteaz\u0103-ne<br \/>\n[\/vc_column_text][stm_spacer height=&#8221;43&#8243; height_tablet=&#8221;10&#8243; height_mobile=&#8221;10&#8243;][stm_icon_box title_tag=&#8221;H6&#8243; title_custom_color=&#8221;rgba(34,34,34,0.6)&#8221; icon=&#8221;stmicon-phone-call&#8221; icon_class=&#8221;custom&#8221; icon_color=&#8221;#3a3138&#8243; icon_size=&#8221;45&#8243; icon_height=&#8221;60&#8243; icon_width=&#8221;65&#8243; title=&#8221;Telefon&#8221; title_fsz=&#8221;16px&#8221;]<\/p>\n<h3 style=\"font-size: 22px;\">&nbsp;<span class=\"stm-icontext__text fsz_14\">(+30) 6977708807<\/span><\/h3>\n<p>[\/stm_icon_box][stm_spacer height=&#8221;21&#8243; height_tablet=&#8221;20&#8243; height_mobile=&#8221;20&#8243;][stm_spacer height=&#8221;26&#8243; height_tablet=&#8221;25&#8243; height_mobile=&#8221;20&#8243;][stm_icon_box title_tag=&#8221;H6&#8243; title_custom_color=&#8221;rgba(34,34,34,0.6)&#8221; icon=&#8221;stmicon-maps-and-flags&#8221; icon_class=&#8221;custom&#8221; icon_color=&#8221;#3a3138&#8243; icon_size=&#8221;46&#8243; icon_height=&#8221;60&#8243; icon_width=&#8221;65&#8243; title=&#8221;Adresa&#8221; title_fsz=&#8221;16px&#8221;]<\/p>\n<h3 style=\"font-size: 22px;\">Nea Vrasna, Salonic, cod postal 57021<\/h3>\n<p>[\/stm_icon_box][stm_spacer height=&#8221;30&#8243; height_tablet=&#8221;30&#8243; height_mobile=&#8221;30&#8243;][\/vc_column][vc_column stretch=&#8221;right&#8221; width=&#8221;1\/2&#8243; shadow_x_offset=&#8221;0&#8243; shadow_y_offset=&#8221;0&#8243; shadow_blur=&#8221;0&#8243; shadow_spread=&#8221;0&#8243; shadow_color=&#8221;&#8221; offset=&#8221;vc_col-lg-8 vc_col-md-8 vc_col-xs-12&#8243; css=&#8221;.vc_custom_1538133669144{padding-top: 0px !important;padding-bottom: 0px !important;}&#8221;][vc_gmaps link=&#8221;#E-8_JTNDaWZyYW1lJTIwc3JjJTNEJTIyaHR0cHMlM0ElMkYlMkZ3d3cuZ29vZ2xlLmNvbSUyRm1hcHMlMkZlbWJlZCUzRnBiJTNEJTIxMW0xNCUyMTFtMTIlMjExbTMlMjExZDEyMDk4LjA5MDkyNDU5MzQwNSUyMTJkMjMuNjkwNDU4NTQwNDM3OTY2JTIxM2Q0MC43MDY1MDc3ODU1ODE1NiUyMTJtMyUyMTFmMCUyMTJmMCUyMTNmMCUyMTNtMiUyMTFpMTAyNCUyMTJpNzY4JTIxNGYxMy4xJTIxNWUwJTIxM20yJTIxMXNlbCUyMTJzZ3IlMjE0djE2MDc1OTgyNzM4MDElMjE1bTIlMjExc2VsJTIxMnNnciUyMiUyMHdpZHRoJTNEJTIyNjAwJTIyJTIwaGVpZ2h0JTNEJTIyNDUwJTIyJTIwZnJhbWVib3JkZXIlM0QlMjIwJTIyJTIwc3R5bGUlM0QlMjJib3JkZXIlM0EwJTNCJTIyJTIwYWxsb3dmdWxsc2NyZWVuJTNEJTIyJTIyJTIwYXJpYS1oaWRkZW4lM0QlMjJmYWxzZSUyMiUyMHRhYmluZGV4JTNEJTIyMCUyMiUzRSUzQyUyRmlmcmFtZSUzRQ==&#8221; size=&#8221;645px&#8221; css=&#8221;.vc_custom_1607606657254{margin-bottom: 0px !important;}&#8221;][\/vc_column][\/vc_row][\/vc_section][vc_row shadow_x_offset=&#8221;0&#8243; shadow_y_offset=&#8221;0&#8243; shadow_blur=&#8221;0&#8243; shadow_spread=&#8221;0&#8243; shadow_color=&#8221;&#8221; css=&#8221;.vc_custom_1607613028953{padding-top: 20px !important;background-color: #d3d3d3 !important;}&#8221;][vc_column width=&#8221;1\/5&#8243; shadow_x_offset=&#8221;0&#8243; shadow_y_offset=&#8221;0&#8243; shadow_blur=&#8221;0&#8243; shadow_spread=&#8221;0&#8243;][\/vc_column][vc_column width=&#8221;3\/5&#8243;][vc_custom_heading text=&#8221;Formular de contact&#8221; font_container=&#8221;tag:h2|text_align:center&#8221; use_theme_fonts=&#8221;yes&#8221; heading_icon_color=&#8221;mtc&#8221; css=&#8221;.vc_custom_1607606920651{margin-bottom: 50px !important;}&#8221;][stm_contact_form_7 form=&#8221;2114&#8243;][\/vc_column][vc_column width=&#8221;1\/5&#8243;][\/vc_column][\/vc_row]<\/p>\n","protected":false},"excerpt":{"rendered":"<p>[vc_section css=&#8221;.vc_custom_1537953987339{padding-top: 0px !important;}&#8221;][vc_row shadow_x_offset=&#8221;0&#8243; shadow_y_offset=&#8221;0&#8243; shadow_blur=&#8221;0&#8243; shadow_spread=&#8221;0&#8243; shadow_color=&#8221;&#8221; css=&#8221;.vc_custom_1531906799465{padding-top: 20px !important;}&#8221;][vc_column width=&#8221;1\/2&#8243; shadow_x_offset=&#8221;0&#8243; shadow_y_offset=&#8221;0&#8243; shadow_blur=&#8221;0&#8243; shadow_spread=&#8221;0&#8243; offset=&#8221;vc_col-lg-8 vc_col-md-8 vc_col-xs-12&#8243;][vc_custom_heading text=&#8221;Vom fi bucuro\u0219i s\u0103 primim mesajul dvs.&#8221; font_container=&#8221;tag:h4|text_align:left&#8221; google_fonts=&#8221;font_family:Roboto%3A100%2C100italic%2C300%2C300italic%2Cregular%2Citalic%2C500%2C500italic%2C700%2C700italic%2C900%2C900italic|font_style:500%20bold%20regular%3A500%3Anormal&#8221;][vc_column_text]Pentru a afla mai multe despre ofertele noastre de servicii sau pentru a ne contacta direct, v\u0103 rug\u0103m s\u0103 completa\u021bi formularul de contact de mai jos, s\u0103 [&hellip;]<\/p>\n","protected":false},"author":1,"featured_media":0,"parent":0,"menu_order":5,"comment_status":"closed","ping_status":"closed","template":"","meta":{"ngg_post_thumbnail":0,"footnotes":""},"class_list":["post-2338","page","type-page","status-publish","hentry"],"_links":{"self":[{"href":"https:\/\/www.xeniapalace.gr\/ro\/wp-json\/wp\/v2\/pages\/2338","targetHints":{"allow":["GET"]}}],"collection":[{"href":"https:\/\/www.xeniapalace.gr\/ro\/wp-json\/wp\/v2\/pages"}],"about":[{"href":"https:\/\/www.xeniapalace.gr\/ro\/wp-json\/wp\/v2\/types\/page"}],"author":[{"embeddable":true,"href":"https:\/\/www.xeniapalace.gr\/ro\/wp-json\/wp\/v2\/users\/1"}],"replies":[{"embeddable":true,"href":"https:\/\/www.xeniapalace.gr\/ro\/wp-json\/wp\/v2\/comments?post=2338"}],"version-history":[{"count":4,"href":"https:\/\/www.xeniapalace.gr\/ro\/wp-json\/wp\/v2\/pages\/2338\/revisions"}],"predecessor-version":[{"id":2798,"href":"https:\/\/www.xeniapalace.gr\/ro\/wp-json\/wp\/v2\/pages\/2338\/revisions\/2798"}],"wp:attachment":[{"href":"https:\/\/www.xeniapalace.gr\/ro\/wp-json\/wp\/v2\/media?parent=2338"}],"curies":[{"name":"wp","href":"https:\/\/api.w.org\/{rel}","templated":true}]}}